{"id":10,"date":"2026-05-09T12:56:36","date_gmt":"2026-05-09T12:56:36","guid":{"rendered":"https:\/\/wp.sunwave-virtual.com\/?page_id=10"},"modified":"2026-05-09T12:56:36","modified_gmt":"2026-05-09T12:56:36","slug":"solmaris","status":"publish","type":"page","link":"https:\/\/wp.sunwave-virtual.com\/?page_id=10","title":{"rendered":"Solmaris"},"content":{"rendered":"\n<a href=\"#main-content\" class=\"wv-link-content button\">Skip to main content<\/a>\n<div class=\"ed-element ed-reference ed-reference-container wv-boxed menu-wrapper wv-overflow_visible preset-menu-v2-hdecor\" id=\"ed-2509911125\" data-reference=\"2509910786\"><div class=\"inner\"><div class=\"ed-element ed-button custom-theme\" id=\"ed-2711804881\"><a href=\"https:\/\/wp.sunwave-virtual.com\/register\" class=\"button center\" target=\"_blank\">JETZT FLIEGEN<\/a><\/div><div class=\"ed-element ed-logo logo\" id=\"ed-2509910789\"><a href=\"\/\"><img decoding=\"async\" src=\"https:\/\/wp.sunwave-virtual.com\/wp-content\/uploads\/sunwave-static\/images\/192\/24408794\/SunwaveLogoneufreigestelltklein-iL3P2APfRFNNTDMNTLxWsA.png\" alt=\"sunwave-virtual.com\"><\/a><\/div><div class=\"ed-element ed-container mobile-cont wv-overflow_visible\" id=\"ed-2509910792\"><div class=\"inner\"><div class=\"ed-element ed-html menu-trigger active\" id=\"ed-2509910795\"><div class=\"menu-trigger-box\"><button class=\"menu-trigger-inner\">Menu<\/button><\/div><\/div><\/div><\/div><nav class=\"ed-element ed-menu wv-custom wv-overflow_horizontal\" id=\"ed-2509910801\"><ul class=\"menu-level-0\"><li class=\"wv-page-28830194-de first\"><a href=\"\/\" class=\"wv-page-28830194-de first\">Home<\/a><\/li><li class=\"wv-page-28945139-de\"><a href=\"\/flotte\" class=\"wv-page-28945139-de\">FLOTTE<\/a><\/li><li><a target=\"_blank\" href=\"https:\/\/wp.sunwave-virtual.com\/livemap\">Live Map<\/a><\/li><li><a target=\"_blank\" href=\"https:\/\/discord.gg\/dGnKKQUQbk\" title=\"DISCORD\">DISCORD<\/a><\/li><li><a target=\"_blank\" href=\"https:\/\/wp.sunwave-virtual.com\/dashboard\">FLIGHT DISPATCH<\/a><\/li><li class=\"wv-page-28830209-de end\"><a href=\"\/datenschutz-und-impressum\" class=\"wv-page-28830209-de last\">Datenschutz und Impressum<\/a><\/li><\/ul><\/nav><nav class=\"ed-element ed-menu wv-custom wv-overflow_horizontal animation-initial\" id=\"ed-2711804592\" data-animation=\"{&quot;type&quot;:&quot;move-bottom-to-top&quot;,&quot;initial&quot;:&quot;hide&quot;,&quot;keepHeight&quot;:true,&quot;duration&quot;:&quot;.5s&quot;,&quot;delay&quot;:&quot;0s&quot;,&quot;overlay&quot;:{&quot;width&quot;:&quot;auto&quot;},&quot;trigger&quot;:&quot;scroll&quot;,&quot;group&quot;:{&quot;name&quot;:&quot;&quot;,&quot;behavior&quot;:{&quot;show&quot;:&quot;&quot;,&quot;hide&quot;:&quot;&quot;}},&quot;closeText&quot;:&quot;&quot;}\"><ul class=\"menu-level-0\"><li class=\"wv-page-30056400-de first\"><a href=\"\/liverys-lackierungen\" class=\"wv-page-30056400-de first\">LIVERYS \/ LACKIERUNGEN<\/a><\/li><li class=\"wv-page-28830197-de\"><a href=\"\/sunwave-classic\" class=\"wv-page-28830197-de\">SUNWAVE CLASSIC<\/a><\/li><li class=\"wv-page-28830203-de active\"><a href=\"\/solmaris\" class=\"wv-page-28830203-de active\">SOLMARIS<\/a><\/li><li class=\"wv-page-29832015-de\"><a href=\"\/solarix\" class=\"wv-page-29832015-de\"> SOLARIX<\/a><\/li><li class=\"wv-page-28830200-de end\"><a href=\"\/sunwave-aurora\" class=\"wv-page-28830200-de last\">SUNWAVE AURORA<\/a><\/li><\/ul><\/nav><\/div><\/div><div class=\"ed-element ed-container wv-boxed wv-spacer preset-text-image-overlap-default\" id=\"ed-2509911131\"><div class=\"inner\"><div class=\"ed-element ed-container wv-overflow_visible offset-box text-image-overlap-box\" id=\"ed-2509911134\"><div class=\"inner\"><div class=\"ed-element ed-headline custom-theme\" id=\"ed-2509911137\"><h2>SOLMARIS REISEN<\/h2><\/div><div class=\"ed-element ed-text custom-theme\" id=\"ed-2509911140\"><h2 data-section-id=\"saxp54\" data-start=\"126\" data-end=\"159\">Willkommen bei Solmaris Reisen<\/h2><p data-start=\"161\" data-end=\"423\">Es gibt Orte, die man sieht \u2013 und solche, die man f\u00fchlt.<br data-start=\"217\" data-end=\"220\">Bei Solmaris Reisen glauben wir daran, dass ein Urlaub mehr ist als nur eine Auszeit. Es ist der Moment, in dem der Alltag leiser wird, die Sonne w\u00e4rmer scheint und das Meer zum st\u00e4ndigen Begleiter wird.<\/p><p data-start=\"425\" data-end=\"763\">Seit unserer Gr\u00fcndung steht Solmaris f\u00fcr sorgf\u00e4ltig ausgew\u00e4hlte Reiseziele rund ums Mittelmeer sowie f\u00fcr unvergessliche Fernreisen in die sch\u00f6nsten Regionen der Welt. Ob die versteckten Buchten Griechenlands, die lebendigen K\u00fcsten Spaniens oder die t\u00fcrkisfarbenen Str\u00e4nde der Karibik \u2013 wir bringen Sie dorthin, wo Urlaub wirklich beginnt.<\/p><p data-start=\"765\" data-end=\"1114\">Dabei legen wir besonderen Wert auf Qualit\u00e4t, Verl\u00e4sslichkeit und pers\u00f6nliche Betreuung. Jede Reise wird mit viel Erfahrung und einem Gesp\u00fcr f\u00fcr Details zusammengestellt. Von der Auswahl der Hotels bis hin zu den Flugverbindungen arbeiten wir ausschlie\u00dflich mit bew\u00e4hrten Partnern zusammen, damit Sie sich vom ersten Moment an gut aufgehoben f\u00fchlen.<\/p><p data-start=\"1116\" data-end=\"1292\">Solmaris steht f\u00fcr entspanntes Reisen ohne Kompromisse. F\u00fcr sonnige Tage am Meer, f\u00fcr neue Eindr\u00fccke in fernen Kulturen und f\u00fcr genau die Erholung, die Sie sich verdient haben.<\/p><p data-start=\"1294\" data-end=\"1380\">Lassen Sie sich inspirieren \u2013 und entdecken Sie mit uns die sch\u00f6nsten Seiten der Welt.<\/p><hr data-start=\"1382\" data-end=\"1385\"><h2 data-section-id=\"18drbzu\" data-start=\"1387\" data-end=\"1418\" data-is-last-node=\"\" data-is-only-node=\"\">Sonne. Meer. Welt entdecken.<\/h2><\/div><\/div><\/div><figure class=\"ed-element ed-image wv-overflow_hidden offset-box text-image-overlap-image\" id=\"ed-2509911143\"><img decoding=\"async\" src=\"%20%23F7F7F7'%20\/%3E%3C\/svg%3E\" alt=\"\" class=\"ed-lazyload\" style=\"object-fit: cover\" data-src=\"https:\/\/wp.sunwave-virtual.com\/wp-content\/uploads\/sunwave-static\/images\/1024\/24534261\/SolmarisReisen-CdFWdkvc6EJRzwn68hSwmg.png\"><\/figure><\/div><\/div><div class=\"ed-element ed-container wv-overflow_hidden preset-image-with-content-block-default\" id=\"ed-2509911170\"><div class=\"inner\"><div class=\"ed-element ed-container full-width wv-spacer wv-boxed\" id=\"ed-2509911173\"><div class=\"background\"><figure class=\"ed-element ed-image wv-bg\" id=\"ed-2509911176\"><div class=\"background-image-holder ed-lazyload\" data-background=\"url(&quot;\/images\/1920\/16664027\/background-image-tLhSamNCTiENvK5o5yqLLA.jpg&quot;)\" style=\"background-image: none\"><\/div><\/figure><\/div><div class=\"inner\"><figure class=\"ed-element ed-image\" id=\"ed-2509911179\"><img decoding=\"async\" src=\"%20%23F7F7F7'%20\/%3E%3C\/svg%3E\" alt=\"\" data-src=\"https:\/\/wp.sunwave-virtual.com\/wp-content\/uploads\/sunwave-static\/images\/1024\/24545223\/696970af-eb76-4727-990c-968f93a124a7-_KTjqPTMtQ01vGFGXwXdXA.png\" class=\"ed-lazyload\"><\/figure><\/div><\/div><div class=\"ed-element ed-container wv-boxed wv-spacer columns-container\" id=\"ed-2509911182\"><div class=\"inner\"><div class=\"ed-element ed-container columns-box wv-overflow_hidden\" id=\"ed-2509911185\"><div class=\"inner\"><div class=\"ed-element ed-headline custom-theme\" id=\"ed-2509911188\"><h2>Solmaris Family<\/h2><\/div><\/div><\/div><div class=\"ed-element ed-container columns-box wv-overflow_hidden\" id=\"ed-2509911191\"><div class=\"inner\"><div class=\"ed-element ed-text custom-theme\" id=\"ed-2509911194\"><p data-start=\"0\" data-end=\"55\"><strong data-start=\"0\" data-end=\"53\">Solmaris Family \u2013 wo Urlaub zu Erinnerungen wird.<\/strong><\/p><p data-start=\"57\" data-end=\"329\">Sonne im Gesicht, lachende Kinder im Wasserpark und entspannte Eltern unter Palmen \u2013 willkommen in einer Welt, in der alles auf Familiengl\u00fcck ausgelegt ist. Flache Pools, bunte Erlebniswelten und liebevoll gestaltete Kids Clubs machen jeden Tag zu einem neuen Abenteuer.<\/p><p data-start=\"331\" data-end=\"507\">W\u00e4hrend die Kleinen spielen, genie\u00dfen Sie mediterrane Leichtigkeit, Komfort und echte Erholung. Alles ist nah, alles ist durchdacht \u2013 und alles f\u00fchlt sich einfach richtig an.<\/p><p data-start=\"509\" data-end=\"563\" data-is-last-node=\"\" data-is-only-node=\"\"><strong data-start=\"509\" data-end=\"559\">Solmaris Family. Gemeinsam Urlaub neu erleben.<\/strong>&nbsp;<\/p><\/div><\/div><\/div><\/div><\/div><\/div><\/div><div class=\"ed-element ed-container wv-overflow_hidden preset-image-with-content-block-default\" id=\"ed-2509911146\"><div class=\"inner\"><div class=\"ed-element ed-container full-width wv-spacer wv-boxed\" id=\"ed-2509911149\"><div class=\"background\"><figure class=\"ed-element ed-image wv-bg\" id=\"ed-2509911152\"><div class=\"background-image-holder ed-lazyload\" data-background=\"url(&quot;\/images\/1920%2C3840x1044%2B0%2B854\/24534457\/Screenshot2026-03-29184547-AtIHw9unWVgYN6pIeGpE7g.jpg&quot;)\" style=\")\"><\/div><\/figure><\/div><div class=\"inner\">&nbsp;<\/div><\/div><div class=\"ed-element ed-container wv-boxed wv-spacer columns-container\" id=\"ed-2509911155\"><div class=\"inner\"><div class=\"ed-element ed-container columns-box wv-overflow_hidden\" id=\"ed-2509911158\"><div class=\"inner\"><div class=\"ed-element ed-headline custom-theme\" id=\"ed-2509911161\"><h2>SOLMARIS LOGOJETS<\/h2><\/div><\/div><\/div><div class=\"ed-element ed-container columns-box wv-overflow_hidden\" id=\"ed-2509911164\"><div class=\"inner\"><div class=\"ed-element ed-text custom-theme\" id=\"ed-2509911167\"><h2 data-section-id=\"1tv8f0h\" data-start=\"115\" data-end=\"164\">Zwei Marken. Ein gemeinsames Reiseversprechen.<\/h2><p data-start=\"166\" data-end=\"350\">Mit Sunwave und Solmaris verbinden sich zwei starke Marken zu einem klaren Ziel:<br data-start=\"246\" data-end=\"249\">Ihnen eine rundum stimmige Urlaubserfahrung zu bieten \u2013 vom ersten Impuls bis zur Ankunft am Zielort.<\/p><p data-start=\"352\" data-end=\"617\">W\u00e4hrend <strong data-start=\"360\" data-end=\"372\">Solmaris<\/strong> f\u00fcr die Inspiration, Planung und Auswahl der sch\u00f6nsten Reiseziele steht, bringt <strong data-start=\"453\" data-end=\"464\">Sunwave<\/strong> Sie zuverl\u00e4ssig, komfortabel und entspannt dorthin. Beide Marken erg\u00e4nzen sich dabei auf nat\u00fcrliche Weise \u2013 jede mit ihrer eigenen St\u00e4rke und Identit\u00e4t.<\/p><hr data-start=\"619\" data-end=\"622\"><h2 data-section-id=\"16uw9kh\" data-start=\"624\" data-end=\"651\">Warum Solmaris Logojets?<\/h2><p data-start=\"653\" data-end=\"716\">Mit den Solmaris Logojets machen wir diese Verbindung sichtbar.<\/p><p data-start=\"718\" data-end=\"961\">Die speziell gestalteten Flugzeuge tragen das Erscheinungsbild von Solmaris nach au\u00dfen \u2013 als klares Zeichen f\u00fcr die Reise, die Sie antreten. Sie stehen f\u00fcr Sonne, Meer und Fernweh und begleiten Sie bereits am Flughafen visuell in Ihre Auszeit.<\/p><p data-start=\"963\" data-end=\"1108\">Gleichzeitig bleibt das bew\u00e4hrte Produkt an Bord unver\u00e4ndert:<br data-start=\"1024\" data-end=\"1027\">Sunwave steht weiterhin f\u00fcr Qualit\u00e4t, Komfort und ein verl\u00e4ssliches Flugerlebnis.<\/p><\/div><\/div><\/div><\/div><\/div><\/div><\/div><div class=\"ed-element ed-reference ed-reference-container footer preset-footer-frigg-v2-hdecor wv-boxed\" id=\"ed-2509911128\" data-reference=\"2509910876\"><footer class=\"inner\"><div class=\"ed-element ed-container wv-boxed footer-frigg-content wv-overflow_hidden\" id=\"ed-2509910879\"><div class=\"inner\"><div class=\"ed-element ed-container footer-frigg-box footer-frigg-box-flex wv-overflow_hidden\" id=\"ed-2509910882\"><div class=\"inner\"><div class=\"ed-element ed-container\" id=\"ed-2509910885\"><div class=\"inner\"><div class=\"ed-element ed-logo\" id=\"ed-2509910888\"><a href=\"\/\"><img decoding=\"async\" src=\"%20%23F7F7F7'%20\/%3E%3C\/svg%3E\" alt=\"sunwave-virtual.com\" data-src=\"https:\/\/wp.sunwave-virtual.com\/wp-content\/uploads\/sunwave-static\/images\/192\/24408794\/SunwaveLogoneufreigestelltklein-iL3P2APfRFNNTDMNTLxWsA.png\" class=\"ed-lazyload\" data-srcset=\"\/images\/384\/24408794\/SunwaveLogoneufreigestelltklein-iL3P2APfRFNNTDMNTLxWsA.png 2x\"><\/a><\/div><div class=\"ed-element ed-spacer\" id=\"ed-2509910891\"><div class=\"space\"><\/div><\/div><div class=\"ed-element ed-text custom-theme footer-fz\" id=\"ed-2509910894\"><p>&#8230;flieg mit der Sonne<br><br><br>Callsign: Solaris<\/p><p>3 Lettter Code : SNW<br><br><\/p><p><br><\/p><\/div><\/div><\/div><\/div><\/div><div class=\"ed-element ed-container footer-frigg-box footer-frigg-box-shrink wv-overflow_hidden\" id=\"ed-2509910897\"><div class=\"inner\"><div class=\"ed-element ed-spacer\" id=\"ed-2509910900\"><div style=\"height: 16px\" class=\"space\"><\/div><\/div><\/div><\/div><\/div><\/div><div class=\"ed-element ed-container flex-align-items-center flex-align-content-center wv-boxed wv-overflow_visible\" id=\"ed-2509910903\"><div class=\"inner\"><div class=\"ed-element ed-spacer\" id=\"ed-2509910906\"><div class=\"space\"><\/div><\/div><div class=\"ed-element ed-container flex-align-items-center flex-align-content-center\" id=\"ed-2509910909\"><div class=\"inner\"><div class=\"ed-element ed-text custom-theme footer-fz\" id=\"ed-2509910912\"><p><i class=\"fa fa-copyright\"><\/i> <span class=\"fr-deletable\" data-bind=\"customer.company\">homepage.sunwave-virtual.com<\/span>&nbsp;2024<\/p><\/div><\/div><\/div><div class=\"ed-element ed-container flex-align-content-center flex-align-items-center\" id=\"ed-2509910915\"><div class=\"inner\">&nbsp;<\/div><\/div><div class=\"ed-element ed-spacer hide-lg hide-md\" id=\"ed-2509910918\"><div class=\"space\"><\/div><\/div><\/div><\/div><\/footer><\/div>\n","protected":false},"excerpt":{"rendered":"<p>Skip to main content JETZT FLIEGEN Menu Home FLOTTE Live Map DISCORD FLIGHT DISPATCH Datenschutz und Impressum LIVERYS \/ LACKIERUNGEN SUNWAVE CLASSIC SOLMARIS SOLARIX SUNWAVE AURORA SOLMARIS REISEN Willkommen bei Solmaris Reisen Es gibt Orte, die man sieht \u2013 und solche, die man f\u00fchlt.Bei Solmaris Reisen glauben wir daran, dass ein Urlaub mehr ist als [&hellip;]<\/p>\n","protected":false},"author":0,"featured_media":0,"parent":0,"menu_order":0,"comment_status":"closed","ping_status":"closed","template":"","meta":{"footnotes":""},"class_list":["post-10","page","type-page","status-publish","hentry"],"_links":{"self":[{"href":"https:\/\/wp.sunwave-virtual.com\/index.php?rest_route=\/wp\/v2\/pages\/10","targetHints":{"allow":["GET"]}}],"collection":[{"href":"https:\/\/wp.sunwave-virtual.com\/index.php?rest_route=\/wp\/v2\/pages"}],"about":[{"href":"https:\/\/wp.sunwave-virtual.com\/index.php?rest_route=\/wp\/v2\/types\/page"}],"replies":[{"embeddable":true,"href":"https:\/\/wp.sunwave-virtual.com\/index.php?rest_route=%2Fwp%2Fv2%2Fcomments&post=10"}],"version-history":[{"count":0,"href":"https:\/\/wp.sunwave-virtual.com\/index.php?rest_route=\/wp\/v2\/pages\/10\/revisions"}],"wp:attachment":[{"href":"https:\/\/wp.sunwave-virtual.com\/index.php?rest_route=%2Fwp%2Fv2%2Fmedia&parent=10"}],"curies":[{"name":"wp","href":"https:\/\/api.w.org\/{rel}","templated":true}]}}