{"id":13,"date":"2026-05-09T12:56:36","date_gmt":"2026-05-09T12:56:36","guid":{"rendered":"https:\/\/wp.sunwave-virtual.com\/?page_id=13"},"modified":"2026-05-09T12:56:36","modified_gmt":"2026-05-09T12:56:36","slug":"lumara-resorts","status":"publish","type":"page","link":"https:\/\/wp.sunwave-virtual.com\/?page_id=13","title":{"rendered":"Lumara Resorts"},"content":{"rendered":"\n<a href=\"#main-content\" class=\"wv-link-content button\">Skip to main content<\/a>\n<div class=\"ed-element ed-reference ed-reference-container wv-boxed menu-wrapper wv-overflow_visible preset-menu-v2-hdecor\" id=\"ed-2509911197\" data-reference=\"2509910786\"><div class=\"inner\"><div class=\"ed-element ed-button custom-theme\" id=\"ed-2711804881\"><a href=\"https:\/\/wp.sunwave-virtual.com\/register\" class=\"button center\" target=\"_blank\">JETZT FLIEGEN<\/a><\/div><div class=\"ed-element ed-logo logo\" id=\"ed-2509910789\"><a href=\"\/\"><img decoding=\"async\" src=\"https:\/\/wp.sunwave-virtual.com\/wp-content\/uploads\/sunwave-static\/images\/192\/24408794\/SunwaveLogoneufreigestelltklein-iL3P2APfRFNNTDMNTLxWsA.png\" alt=\"sunwave-virtual.com\"><\/a><\/div><div class=\"ed-element ed-container mobile-cont wv-overflow_visible\" id=\"ed-2509910792\"><div class=\"inner\"><div class=\"ed-element ed-html menu-trigger active\" id=\"ed-2509910795\"><div class=\"menu-trigger-box\"><button class=\"menu-trigger-inner\">Menu<\/button><\/div><\/div><\/div><\/div><nav class=\"ed-element ed-menu wv-custom wv-overflow_horizontal\" id=\"ed-2509910801\"><ul class=\"menu-level-0\"><li class=\"wv-page-28830194-de first\"><a href=\"\/\" class=\"wv-page-28830194-de first\">Home<\/a><\/li><li class=\"wv-page-28945139-de\"><a href=\"\/flotte\" class=\"wv-page-28945139-de\">FLOTTE<\/a><\/li><li><a target=\"_blank\" href=\"https:\/\/wp.sunwave-virtual.com\/livemap\">Live Map<\/a><\/li><li><a target=\"_blank\" href=\"https:\/\/discord.gg\/dGnKKQUQbk\" title=\"DISCORD\">DISCORD<\/a><\/li><li><a target=\"_blank\" href=\"https:\/\/wp.sunwave-virtual.com\/dashboard\">FLIGHT DISPATCH<\/a><\/li><li class=\"wv-page-28830209-de end\"><a href=\"\/datenschutz-und-impressum\" class=\"wv-page-28830209-de last\">Datenschutz und Impressum<\/a><\/li><\/ul><\/nav><nav class=\"ed-element ed-menu wv-custom wv-overflow_horizontal animation-initial\" id=\"ed-2711804592\" data-animation=\"{&quot;type&quot;:&quot;move-bottom-to-top&quot;,&quot;initial&quot;:&quot;hide&quot;,&quot;keepHeight&quot;:true,&quot;duration&quot;:&quot;.5s&quot;,&quot;delay&quot;:&quot;0s&quot;,&quot;overlay&quot;:{&quot;width&quot;:&quot;auto&quot;},&quot;trigger&quot;:&quot;scroll&quot;,&quot;group&quot;:{&quot;name&quot;:&quot;&quot;,&quot;behavior&quot;:{&quot;show&quot;:&quot;&quot;,&quot;hide&quot;:&quot;&quot;}},&quot;closeText&quot;:&quot;&quot;}\"><ul class=\"menu-level-0\"><li class=\"wv-page-30056400-de first\"><a href=\"\/liverys-lackierungen\" class=\"wv-page-30056400-de first\">LIVERYS \/ LACKIERUNGEN<\/a><\/li><li class=\"wv-page-28830197-de\"><a href=\"\/sunwave-classic\" class=\"wv-page-28830197-de\">SUNWAVE CLASSIC<\/a><\/li><li class=\"wv-page-28830203-de\"><a href=\"\/solmaris\" class=\"wv-page-28830203-de\">SOLMARIS<\/a><\/li><li class=\"wv-page-29832015-de\"><a href=\"\/solarix\" class=\"wv-page-29832015-de\"> SOLARIX<\/a><\/li><li class=\"wv-page-28830200-de end\"><a href=\"\/sunwave-aurora\" class=\"wv-page-28830200-de last\">SUNWAVE AURORA<\/a><\/li><\/ul><\/nav><\/div><\/div><div class=\"ed-element ed-container wv-boxed wv-spacer wv-overflow_visible preset-text-v2-columns\" id=\"ed-2509911209\"><div class=\"inner\"><figure class=\"ed-element ed-image\" id=\"ed-2509911212\"><img decoding=\"async\" src=\"https:\/\/wp.sunwave-virtual.com\/wp-content\/uploads\/sunwave-static\/images\/1024\/24545724\/HorizonBahamas-odSM1tHcA1INQ9FvVGZ8-g.png\" alt=\"\"><\/figure><div class=\"ed-element ed-headline custom-theme\" id=\"ed-2509911215\"><h2>LUMARA HORIZON<\/h2><\/div><div class=\"ed-element ed-spacer\" id=\"ed-2509911218\"><div class=\"space\"><\/div><\/div><div class=\"ed-element ed-text custom-theme text\" id=\"ed-2509911221\"><p>&nbsp; <\/p><h3 data-section-id=\"1fro1kb\" data-start=\"26\" data-end=\"91\"><em data-start=\"30\" data-end=\"91\">Where the world slows down \u2014 and the horizon becomes yours.<\/em><\/h3><p data-start=\"93\" data-end=\"162\">Es gibt Orte, die man besucht.<br data-start=\"123\" data-end=\"126\">Und es gibt Orte, die man <strong data-start=\"152\" data-end=\"161\">f\u00fchlt<\/strong>.<\/p><p data-start=\"164\" data-end=\"422\"><strong data-start=\"164\" data-end=\"182\">Lumara Horizon<\/strong> steht f\u00fcr eine neue Generation von Ultra-Premium Resorts \u2013 geschaffen f\u00fcr Menschen, die nicht einfach reisen, sondern bewusst erleben wollen. Orte, an denen Architektur, Natur und Emotion zu einer stillen, kraftvollen Einheit verschmelzen.<\/p><p data-start=\"424\" data-end=\"516\">Hier beginnt Luxus nicht bei Gold und Marmor \u2013<br data-start=\"470\" data-end=\"473\">sondern bei <strong data-start=\"485\" data-end=\"515\">Raum, Ruhe und Perspektive<\/strong>.<\/p><p data-start=\"424\" data-end=\"516\"><br><\/p><h2 data-section-id=\"1juoe9o\" data-start=\"523\" data-end=\"559\"><span style=\"font-size: 36px\">Die Idee hinter Lumara Horizon<\/span><\/h2><p data-start=\"561\" data-end=\"692\">Lumara Horizon Resorts entstehen ausschlie\u00dflich an den spektakul\u00e4rsten Orten der Welt \u2013 dort, wo Landschaften Geschichten erz\u00e4hlen:<\/p><ul data-start=\"694\" data-end=\"837\"><li data-section-id=\"1kciolg\" data-start=\"694\" data-end=\"726\">Klippen \u00fcber endlosen Meeren<\/li><li data-section-id=\"u6dnud\" data-start=\"727\" data-end=\"776\">versteckte Buchten fernab des Massentourismus<\/li><li data-section-id=\"zvodrz\" data-start=\"777\" data-end=\"837\">Orte mit nat\u00fcrlicher Dramatik und absoluter Privatsph\u00e4re<\/li><\/ul><p data-start=\"839\" data-end=\"883\">Jedes Resort folgt einer klaren Philosophie:<\/p><h3 data-section-id=\"1ik5c29\" data-start=\"885\" data-end=\"932\"><strong data-start=\"889\" data-end=\"932\">\u201eBuilt into nature \u2013 not on top of it.\u201c<\/strong><\/h3><\/div><\/div><\/div><div class=\"ed-element ed-container wv-boxed wv-spacer\" id=\"ed-2509911203\"><div class=\"inner\"><figure class=\"ed-element ed-image\" id=\"ed-2509911206\"><img decoding=\"async\" src=\"https:\/\/wp.sunwave-virtual.com\/wp-content\/uploads\/sunwave-static\/images\/1024\/24545528\/LumaraHorizonLogo-frczSyj0pDLQ_u6XrFwSFA.png\" alt=\"\"><\/figure><\/div><\/div><div class=\"ed-element ed-container wv-boxed wv-spacer wv-overflow_visible preset-text-v2-columns\" id=\"ed-2509911224\"><div class=\"inner\"><div class=\"ed-element ed-headline custom-theme\" id=\"ed-2509911227\"><h2>Lumara Horizon Albania<\/h2><\/div><div class=\"ed-element ed-spacer\" id=\"ed-2509911230\"><div class=\"space\"><\/div><\/div><div class=\"ed-element ed-text custom-theme text\" id=\"ed-2509911233\"><h2 data-section-id=\"fowgs9\" data-start=\"1613\" data-end=\"1640\"><em data-start=\"1616\" data-end=\"1640\">Ionian Cliff Sanctuary<\/em><\/h2><p data-start=\"1642\" data-end=\"1795\">An der wilden, unber\u00fchrten K\u00fcste Albaniens, oberhalb der t\u00fcrkisfarbenen Weiten des Ionischen Meeres, entsteht eines der faszinierendsten Resorts Europas.<\/p><p data-start=\"1797\" data-end=\"1921\"><strong data-start=\"1797\" data-end=\"1823\">Lumara Horizon Albania<\/strong> ist mehr als ein neues Reiseziel \u2013<br data-start=\"1858\" data-end=\"1861\">es ist ein <strong data-start=\"1872\" data-end=\"1920\">Versprechen f\u00fcr die Zukunft des Luxusreisens<\/strong>.<\/p><p><br><\/p><h2 data-section-id=\"zi2snu\" data-start=\"1928\" data-end=\"1942\"><br><\/h2><h2 data-section-id=\"zi2snu\" data-start=\"1928\" data-end=\"1942\"><br><\/h2><h2 data-section-id=\"zi2snu\" data-start=\"1928\" data-end=\"1942\"><br><\/h2><h2 data-section-id=\"zi2snu\" data-start=\"1928\" data-end=\"1942\">Die Lage<\/h2><p data-start=\"1944\" data-end=\"2068\">Zwischen den Bergen des Llogara-Gebirges und dem kristallklaren Wasser der Riviera liegt ein Ort, der lange verborgen blieb:<\/p><p data-start=\"2070\" data-end=\"2081\"><strong data-start=\"2070\" data-end=\"2081\">Dh\u00ebrmi.<\/strong><\/p><ul data-start=\"2083\" data-end=\"2193\"><li data-section-id=\"2mjw3a\" data-start=\"2083\" data-end=\"2106\">Dramatische Klippen<\/li><li data-section-id=\"1kpw28h\" data-start=\"2107\" data-end=\"2138\">Karibisch anmutendes Wasser<\/li><li data-section-id=\"1lru6fw\" data-start=\"2139\" data-end=\"2162\">Urspr\u00fcngliche Natur<\/li><li data-section-id=\"1q51z4m\" data-start=\"2163\" data-end=\"2193\">Kaum ber\u00fchrte Exklusivit\u00e4t<\/li><\/ul><p data-start=\"2195\" data-end=\"2305\"> Ein Ort, der heute noch das ist, was andere l\u00e4ngst verloren haben:<br data-start=\"2264\" data-end=\"2267\"><strong data-start=\"2267\" data-end=\"2305\">authentisch. roh. au\u00dfergew\u00f6hnlich.<\/strong><\/p><p><br><\/p><p><br><\/p><p><br><\/p><p><br><\/p><p><br><\/p><p><br><\/p><p>.<\/p><\/div><\/div><\/div><figure class=\"ed-element ed-image\" id=\"ed-2509911236\"><img decoding=\"async\" src=\"%20%23F7F7F7'%20\/%3E%3C\/svg%3E\" alt=\"\" data-src=\"https:\/\/wp.sunwave-virtual.com\/wp-content\/uploads\/sunwave-static\/images\/1024\/24545660\/3c0b089e-fb1e-4612-aa60-8c621d113b35-UhDOJgyrDAERepEtkNg8Pw.png\" class=\"ed-lazyload\"><\/figure><div class=\"ed-element ed-container wv-boxed wv-spacer wv-overflow_visible preset-text-v2-columns\" id=\"ed-2509911239\"><div class=\"inner\"><div class=\"ed-element ed-spacer\" id=\"ed-2509911242\"><div class=\"space\"><\/div><\/div><div class=\"ed-element ed-text custom-theme text\" id=\"ed-2509911245\"><h2 data-section-id=\"qu0vcx\" data-start=\"2312\" data-end=\"2339\">Architektur &amp; Design<\/h2><p data-start=\"2341\" data-end=\"2392\">Das Resort folgt konsequent der Lumara Horizon DNA:<\/p><ul data-start=\"2394\" data-end=\"2548\"><li data-section-id=\"fjmwxc\" data-start=\"2394\" data-end=\"2434\">Terrassenartig in die Klippen gebaut<\/li><li data-section-id=\"xn9ue5\" data-start=\"2435\" data-end=\"2464\">Naturstein aus der Region<\/li><li data-section-id=\"jfgonz\" data-start=\"2465\" data-end=\"2499\">Warme, mediterrane Materialien<\/li><li data-section-id=\"1uv4blj\" data-start=\"2500\" data-end=\"2548\">Flie\u00dfende \u00dcberg\u00e4nge zwischen Innen und Au\u00dfen<\/li><\/ul><p data-start=\"2550\" data-end=\"2561\">Jede Villa:<\/p><ul data-start=\"2563\" data-end=\"2652\"><li data-section-id=\"rd5486\" data-start=\"2563\" data-end=\"2593\">mit privatem Infinity Pool<\/li><li data-section-id=\"1hn7e6s\" data-start=\"2594\" data-end=\"2625\">uneingeschr\u00e4nktem Meerblick<\/li><li data-section-id=\"11elzle\" data-start=\"2626\" data-end=\"2652\">maximaler Privatsph\u00e4re<\/li><\/ul><p data-start=\"2654\" data-end=\"2733\"> Das Ergebnis:<br data-start=\"2670\" data-end=\"2673\">Ein Resort, das nicht gebaut wirkt \u2013 sondern <strong data-start=\"2718\" data-end=\"2732\">entstanden<\/strong>.<\/p><p>&nbsp;<\/p><p><br><\/p><h2 data-section-id=\"1jbf2gr\" data-start=\"2740\" data-end=\"2768\">Der Moment, der bleibt<\/h2><p data-start=\"2770\" data-end=\"2918\">Am Abend, wenn die Sonne langsam im Meer versinkt und das Licht die Klippen in Gold taucht, wird sp\u00fcrbar, worum es bei Lumara Horizon wirklich geht:<\/p><p data-start=\"2920\" data-end=\"2981\">Nicht um Luxus als Status.<br data-start=\"2946\" data-end=\"2949\">Sondern um Luxus als <strong data-start=\"2970\" data-end=\"2980\">Gef\u00fchl<\/strong>.<\/p><ul data-start=\"2983\" data-end=\"3110\"><li data-section-id=\"1nj2hdd\" data-start=\"2983\" data-end=\"3022\">Ein stiller Moment am Infinity Pool<\/li><li data-section-id=\"1l2j3wc\" data-start=\"3023\" data-end=\"3054\">Ein Glas Wein \u00fcber dem Meer<\/li><li data-section-id=\"145d7j2\" data-start=\"3055\" data-end=\"3110\">Das leise Rauschen der Wellen unterhalb der Klippen<\/li><\/ul><p><br><\/p><p><br><\/p><h3 data-section-id=\"12398ta\" data-start=\"3381\" data-end=\"3406\"><em data-start=\"3388\" data-end=\"3404\">Lumara Horizon&nbsp;<\/em><strong data-start=\"3407\" data-end=\"3427\" data-is-last-node=\"\"><span style=\"font-size: 18px\">Own the horizon.<\/span><\/strong><\/h3><p><br><\/p><p><br><\/p><p><br><\/p><p><br><\/p><\/div><\/div><\/div><div class=\"ed-element ed-reference ed-reference-container footer preset-footer-frigg-v2-hdecor wv-boxed\" id=\"ed-2509911200\" data-reference=\"2509910876\"><footer class=\"inner\"><div class=\"ed-element ed-container wv-boxed footer-frigg-content wv-overflow_hidden\" id=\"ed-2509910879\"><div class=\"inner\"><div class=\"ed-element ed-container footer-frigg-box footer-frigg-box-flex wv-overflow_hidden\" id=\"ed-2509910882\"><div class=\"inner\"><div class=\"ed-element ed-container\" id=\"ed-2509910885\"><div class=\"inner\"><div class=\"ed-element ed-logo\" id=\"ed-2509910888\"><a href=\"\/\"><img decoding=\"async\" src=\"%20%23F7F7F7'%20\/%3E%3C\/svg%3E\" alt=\"sunwave-virtual.com\" data-src=\"https:\/\/wp.sunwave-virtual.com\/wp-content\/uploads\/sunwave-static\/images\/192\/24408794\/SunwaveLogoneufreigestelltklein-iL3P2APfRFNNTDMNTLxWsA.png\" class=\"ed-lazyload\" data-srcset=\"\/images\/384\/24408794\/SunwaveLogoneufreigestelltklein-iL3P2APfRFNNTDMNTLxWsA.png 2x\"><\/a><\/div><div class=\"ed-element ed-spacer\" id=\"ed-2509910891\"><div class=\"space\"><\/div><\/div><div class=\"ed-element ed-text custom-theme footer-fz\" id=\"ed-2509910894\"><p>&#8230;flieg mit der Sonne<br><br><br>Callsign: Solaris<\/p><p>3 Lettter Code : SNW<br><br><\/p><p><br><\/p><\/div><\/div><\/div><\/div><\/div><div class=\"ed-element ed-container footer-frigg-box footer-frigg-box-shrink wv-overflow_hidden\" id=\"ed-2509910897\"><div class=\"inner\"><div class=\"ed-element ed-spacer\" id=\"ed-2509910900\"><div style=\"height: 16px\" class=\"space\"><\/div><\/div><\/div><\/div><\/div><\/div><div class=\"ed-element ed-container flex-align-items-center flex-align-content-center wv-boxed wv-overflow_visible\" id=\"ed-2509910903\"><div class=\"inner\"><div class=\"ed-element ed-spacer\" id=\"ed-2509910906\"><div class=\"space\"><\/div><\/div><div class=\"ed-element ed-container flex-align-items-center flex-align-content-center\" id=\"ed-2509910909\"><div class=\"inner\"><div class=\"ed-element ed-text custom-theme footer-fz\" id=\"ed-2509910912\"><p><i class=\"fa fa-copyright\"><\/i> <span class=\"fr-deletable\" data-bind=\"customer.company\">homepage.sunwave-virtual.com<\/span>&nbsp;2024<\/p><\/div><\/div><\/div><div class=\"ed-element ed-container flex-align-content-center flex-align-items-center\" id=\"ed-2509910915\"><div class=\"inner\">&nbsp;<\/div><\/div><div class=\"ed-element ed-spacer hide-lg hide-md\" id=\"ed-2509910918\"><div class=\"space\"><\/div><\/div><\/div><\/div><\/footer><\/div>\n","protected":false},"excerpt":{"rendered":"<p>Skip to main content JETZT FLIEGEN Menu Home FLOTTE Live Map DISCORD FLIGHT DISPATCH Datenschutz und Impressum LIVERYS \/ LACKIERUNGEN SUNWAVE CLASSIC SOLMARIS SOLARIX SUNWAVE AURORA LUMARA HORIZON &nbsp; Where the world slows down \u2014 and the horizon becomes yours. Es gibt Orte, die man besucht.Und es gibt Orte, die man f\u00fchlt. Lumara Horizon steht [&hellip;]<\/p>\n","protected":false},"author":0,"featured_media":0,"parent":0,"menu_order":0,"comment_status":"closed","ping_status":"closed","template":"","meta":{"footnotes":""},"class_list":["post-13","page","type-page","status-publish","hentry"],"_links":{"self":[{"href":"https:\/\/wp.sunwave-virtual.com\/index.php?rest_route=\/wp\/v2\/pages\/13","targetHints":{"allow":["GET"]}}],"collection":[{"href":"https:\/\/wp.sunwave-virtual.com\/index.php?rest_route=\/wp\/v2\/pages"}],"about":[{"href":"https:\/\/wp.sunwave-virtual.com\/index.php?rest_route=\/wp\/v2\/types\/page"}],"replies":[{"embeddable":true,"href":"https:\/\/wp.sunwave-virtual.com\/index.php?rest_route=%2Fwp%2Fv2%2Fcomments&post=13"}],"version-history":[{"count":0,"href":"https:\/\/wp.sunwave-virtual.com\/index.php?rest_route=\/wp\/v2\/pages\/13\/revisions"}],"wp:attachment":[{"href":"https:\/\/wp.sunwave-virtual.com\/index.php?rest_route=%2Fwp%2Fv2%2Fmedia&parent=13"}],"curies":[{"name":"wp","href":"https:\/\/api.w.org\/{rel}","templated":true}]}}