{"id":14,"date":"2026-05-09T12:56:36","date_gmt":"2026-05-09T12:56:36","guid":{"rendered":"https:\/\/wp.sunwave-virtual.com\/?page_id=14"},"modified":"2026-05-09T12:56:36","modified_gmt":"2026-05-09T12:56:36","slug":"team","status":"publish","type":"page","link":"https:\/\/wp.sunwave-virtual.com\/?page_id=14","title":{"rendered":"Team"},"content":{"rendered":"\n<a href=\"#main-content\" class=\"wv-link-content button\">Skip to main content<\/a>\n<div class=\"ed-element ed-reference ed-reference-container wv-boxed menu-wrapper wv-overflow_visible preset-menu-v2-hdecor\" id=\"ed-2764061720\" data-reference=\"2509910786\"><div class=\"inner\"><div class=\"ed-element ed-button custom-theme\" id=\"ed-2711804881\"><a href=\"https:\/\/wp.sunwave-virtual.com\/register\" class=\"button center\" target=\"_blank\">JETZT FLIEGEN<\/a><\/div><div class=\"ed-element ed-logo logo\" id=\"ed-2509910789\"><a href=\"\/\"><img decoding=\"async\" src=\"https:\/\/wp.sunwave-virtual.com\/wp-content\/uploads\/sunwave-static\/images\/192\/24408794\/SunwaveLogoneufreigestelltklein-iL3P2APfRFNNTDMNTLxWsA.png\" alt=\"sunwave-virtual.com\"><\/a><\/div><div class=\"ed-element ed-container mobile-cont wv-overflow_visible\" id=\"ed-2509910792\"><div class=\"inner\"><div class=\"ed-element ed-html menu-trigger active\" id=\"ed-2509910795\"><div class=\"menu-trigger-box\"><button class=\"menu-trigger-inner\">Menu<\/button><\/div><\/div><\/div><\/div><nav class=\"ed-element ed-menu wv-custom wv-overflow_horizontal\" id=\"ed-2509910801\"><ul class=\"menu-level-0\"><li class=\"wv-page-28830194-de first\"><a href=\"\/\" class=\"wv-page-28830194-de first\">Home<\/a><\/li><li class=\"wv-page-28945139-de\"><a href=\"\/flotte\" class=\"wv-page-28945139-de\">FLOTTE<\/a><\/li><li><a target=\"_blank\" href=\"https:\/\/wp.sunwave-virtual.com\/livemap\">Live Map<\/a><\/li><li><a target=\"_blank\" href=\"https:\/\/discord.gg\/dGnKKQUQbk\" title=\"DISCORD\">DISCORD<\/a><\/li><li><a target=\"_blank\" href=\"https:\/\/wp.sunwave-virtual.com\/dashboard\">FLIGHT DISPATCH<\/a><\/li><li class=\"wv-page-28830209-de end\"><a href=\"\/datenschutz-und-impressum\" class=\"wv-page-28830209-de last\">Datenschutz und Impressum<\/a><\/li><\/ul><\/nav><nav class=\"ed-element ed-menu wv-custom wv-overflow_horizontal animation-initial\" id=\"ed-2711804592\" data-animation=\"{&quot;type&quot;:&quot;move-bottom-to-top&quot;,&quot;initial&quot;:&quot;hide&quot;,&quot;keepHeight&quot;:true,&quot;duration&quot;:&quot;.5s&quot;,&quot;delay&quot;:&quot;0s&quot;,&quot;overlay&quot;:{&quot;width&quot;:&quot;auto&quot;},&quot;trigger&quot;:&quot;scroll&quot;,&quot;group&quot;:{&quot;name&quot;:&quot;&quot;,&quot;behavior&quot;:{&quot;show&quot;:&quot;&quot;,&quot;hide&quot;:&quot;&quot;}},&quot;closeText&quot;:&quot;&quot;}\"><ul class=\"menu-level-0\"><li class=\"wv-page-30056400-de first\"><a href=\"\/liverys-lackierungen\" class=\"wv-page-30056400-de first\">LIVERYS \/ LACKIERUNGEN<\/a><\/li><li class=\"wv-page-28830197-de\"><a href=\"\/sunwave-classic\" class=\"wv-page-28830197-de\">SUNWAVE CLASSIC<\/a><\/li><li class=\"wv-page-28830203-de\"><a href=\"\/solmaris\" class=\"wv-page-28830203-de\">SOLMARIS<\/a><\/li><li class=\"wv-page-29832015-de\"><a href=\"\/solarix\" class=\"wv-page-29832015-de\"> SOLARIX<\/a><\/li><li class=\"wv-page-28830200-de end\"><a href=\"\/sunwave-aurora\" class=\"wv-page-28830200-de last\">SUNWAVE AURORA<\/a><\/li><\/ul><\/nav><\/div><\/div><div class=\"ed-element ed-container wv-boxed wv-spacer wv-overflow_visible preset-text-v2-separator\" id=\"ed-2764341768\"><div class=\"inner\"><div class=\"ed-element ed-headline custom-theme\" id=\"ed-2764341771\"><h2>Das Team hinter SUNWAVE<br><\/h2><\/div><div class=\"ed-element ed-spacer\" id=\"ed-2764341774\"><div class=\"space\"><\/div><\/div><div class=\"ed-element ed-text custom-theme text\" id=\"ed-2764341777\"><p>Sunwave ist aus dem Wunsch entstanden, anders zu sein. Die Gr\u00fcnder haben sich in den starren Konzepten vieler virtueller Airlines nicht wiedergefunden. Stattdessen wollten sie eine bunte Gemeinschaft, in der man das Hobby gemeinsam genie\u00dft. <br><br>Bei uns gibt es nur so viele Regeln, wie unbedingt n\u00f6tig. Vom Sch\u00fcler bis zum Berufspiloten \u2013 alle sind dabei. Hier steht der Spa\u00df am Fliegen im Mittelpunkt, ohne unn\u00f6tige Verpflichtungen \u2013 einfach Sunwave.<br><br><br><\/p><\/div><\/div><\/div><div class=\"ed-element ed-container wv-boxed wv-spacer preset-text-with-image-v4-default\" id=\"ed-2764341711\"><div class=\"inner\"><div class=\"ed-element ed-container text-with-image-box wv-overflow_visible\" id=\"ed-2764341714\"><div class=\"inner\"><div class=\"ed-element ed-headline custom-theme\" id=\"ed-2764341717\"><h2>Tom<\/h2><\/div><div class=\"ed-element ed-text custom-theme\" id=\"ed-2764341720\"><p>Dein Ansprechpartner f\u00fcr Sunwave Airlines&nbsp;<\/p><\/div><\/div><\/div><div class=\"ed-element ed-container full-width text-with-image-image wv-overflow_visible\" id=\"ed-2764341723\"><div class=\"background\"><figure class=\"ed-element ed-image wv-bg\" id=\"ed-2764341726\"><div class=\"background-image-holder ed-lazyload\" style=\")\" data-background=\"url(&quot;\/images\/878\/7199518\/img-small.jpg&quot;)\"><\/div><\/figure><\/div><div class=\"inner\"><figure class=\"ed-element ed-image\" id=\"ed-2764680714\"><img decoding=\"async\" src=\"%20%23F7F7F7'%20\/%3E%3C\/svg%3E\" alt=\"\" data-src=\"https:\/\/wp.sunwave-virtual.com\/wp-content\/uploads\/sunwave-static\/images\/1024\/25430072\/ChatGPTImage7.Mai202616_14_01-3mmnkagPVEW1oQsuVtWjzg.png\" class=\"ed-lazyload\"><\/figure><\/div><\/div><\/div><\/div><div class=\"ed-element ed-container wv-boxed wv-spacer preset-text-with-image-v4-default\" id=\"ed-2764341729\"><div class=\"inner\"><div class=\"ed-element ed-container text-with-image-box wv-overflow_visible\" id=\"ed-2764341732\"><div class=\"inner\"><div class=\"ed-element ed-headline custom-theme\" id=\"ed-2764341735\"><h2>Ron<\/h2><\/div><div class=\"ed-element ed-text custom-theme\" id=\"ed-2764341738\"><p>Dein Ansprrechpartner f\u00fcr alle Themen rund um die Sunwave Classic<br><br><br><br><br><br><br><br><br><br><br><br>.<\/p><\/div><\/div><\/div><div class=\"ed-element ed-container full-width text-with-image-image wv-overflow_visible\" id=\"ed-2764341741\"><div class=\"background\"><figure class=\"ed-element ed-image wv-bg\" id=\"ed-2764341744\"><div class=\"background-image-holder ed-lazyload\" style=\")\" data-background=\"url(&quot;\/images\/1536\/25313028\/ChatGPTImage2.Mai202621_42_07-YMkZSbGO7TlBOI8odd0nCA.png&quot;)\"><\/div><\/figure><\/div><div class=\"inner\">&nbsp;<\/div><\/div><\/div><\/div><div class=\"ed-element ed-container wv-boxed wv-spacer preset-text-with-image-v4-default\" id=\"ed-2764341747\"><div class=\"inner\"><div class=\"ed-element ed-container text-with-image-box wv-overflow_visible\" id=\"ed-2764341750\"><div class=\"inner\"><div class=\"ed-element ed-headline custom-theme\" id=\"ed-2764341753\"><h2>Olli<\/h2><\/div><div class=\"ed-element ed-text custom-theme\" id=\"ed-2764341756\"><p>Euer Ansprechpartner f\u00fcr Allgemeine Themen rund um Sunwave so wie alles was mit Homepage Flug und Mitgliederverwaltung zu tun hat.<\/p><\/div><\/div><\/div><div class=\"ed-element ed-container full-width text-with-image-image wv-overflow_visible\" id=\"ed-2764341759\"><div class=\"background\"><figure class=\"ed-element ed-image wv-bg\" id=\"ed-2764341762\"><div class=\"background-image-holder ed-lazyload\" style=\")\" data-background=\"url(&quot;\/images\/878\/7199518\/img-small.jpg&quot;)\"><\/div><\/figure><\/div><div class=\"inner\"><figure class=\"ed-element ed-image\" id=\"ed-2764341765\"><img decoding=\"async\" src=\"%20%23F7F7F7'%20\/%3E%3C\/svg%3E\" alt=\"\" data-src=\"https:\/\/wp.sunwave-virtual.com\/wp-content\/uploads\/sunwave-static\/images\/1024\/25429589\/ChatGPTImage7.Mai202615_36_14-eXPYZdJyeDu-DtsJzk7aqA.png\" class=\"ed-lazyload\"><\/figure><\/div><\/div><\/div><\/div><div class=\"ed-element ed-reference ed-reference-container footer preset-footer-frigg-v2-hdecor wv-boxed\" id=\"ed-2764061723\" data-reference=\"2509910876\"><footer class=\"inner\"><div class=\"ed-element ed-container wv-boxed footer-frigg-content wv-overflow_hidden\" id=\"ed-2509910879\"><div class=\"inner\"><div class=\"ed-element ed-container footer-frigg-box footer-frigg-box-flex wv-overflow_hidden\" id=\"ed-2509910882\"><div class=\"inner\"><div class=\"ed-element ed-container\" id=\"ed-2509910885\"><div class=\"inner\"><div class=\"ed-element ed-logo\" id=\"ed-2509910888\"><a href=\"\/\"><img decoding=\"async\" src=\"%20%23F7F7F7'%20\/%3E%3C\/svg%3E\" alt=\"sunwave-virtual.com\" data-src=\"https:\/\/wp.sunwave-virtual.com\/wp-content\/uploads\/sunwave-static\/images\/192\/24408794\/SunwaveLogoneufreigestelltklein-iL3P2APfRFNNTDMNTLxWsA.png\" class=\"ed-lazyload\" data-srcset=\"\/images\/384\/24408794\/SunwaveLogoneufreigestelltklein-iL3P2APfRFNNTDMNTLxWsA.png 2x\"><\/a><\/div><div class=\"ed-element ed-spacer\" id=\"ed-2509910891\"><div class=\"space\"><\/div><\/div><div class=\"ed-element ed-text custom-theme footer-fz\" id=\"ed-2509910894\"><p>&#8230;flieg mit der Sonne<br><br><br>Callsign: Solaris<\/p><p>3 Lettter Code : SNW<br><br><\/p><p><br><\/p><\/div><\/div><\/div><\/div><\/div><div class=\"ed-element ed-container footer-frigg-box footer-frigg-box-shrink wv-overflow_hidden\" id=\"ed-2509910897\"><div class=\"inner\"><div class=\"ed-element ed-spacer\" id=\"ed-2509910900\"><div style=\"height: 16px\" class=\"space\"><\/div><\/div><\/div><\/div><\/div><\/div><div class=\"ed-element ed-container flex-align-items-center flex-align-content-center wv-boxed wv-overflow_visible\" id=\"ed-2509910903\"><div class=\"inner\"><div class=\"ed-element ed-spacer\" id=\"ed-2509910906\"><div class=\"space\"><\/div><\/div><div class=\"ed-element ed-container flex-align-items-center flex-align-content-center\" id=\"ed-2509910909\"><div class=\"inner\"><div class=\"ed-element ed-text custom-theme footer-fz\" id=\"ed-2509910912\"><p><i class=\"fa fa-copyright\"><\/i> <span class=\"fr-deletable\" data-bind=\"customer.company\">homepage.sunwave-virtual.com<\/span>&nbsp;2024<\/p><\/div><\/div><\/div><div class=\"ed-element ed-container flex-align-content-center flex-align-items-center\" id=\"ed-2509910915\"><div class=\"inner\">&nbsp;<\/div><\/div><div class=\"ed-element ed-spacer hide-lg hide-md\" id=\"ed-2509910918\"><div class=\"space\"><\/div><\/div><\/div><\/div><\/footer><\/div>\n","protected":false},"excerpt":{"rendered":"<p>Skip to main content JETZT FLIEGEN Menu Home FLOTTE Live Map DISCORD FLIGHT DISPATCH Datenschutz und Impressum LIVERYS \/ LACKIERUNGEN SUNWAVE CLASSIC SOLMARIS SOLARIX SUNWAVE AURORA Das Team hinter SUNWAVE Sunwave ist aus dem Wunsch entstanden, anders zu sein. Die Gr\u00fcnder haben sich in den starren Konzepten vieler virtueller Airlines nicht wiedergefunden. Stattdessen wollten sie [&hellip;]<\/p>\n","protected":false},"author":0,"featured_media":0,"parent":0,"menu_order":0,"comment_status":"closed","ping_status":"closed","template":"","meta":{"footnotes":""},"class_list":["post-14","page","type-page","status-publish","hentry"],"_links":{"self":[{"href":"https:\/\/wp.sunwave-virtual.com\/index.php?rest_route=\/wp\/v2\/pages\/14","targetHints":{"allow":["GET"]}}],"collection":[{"href":"https:\/\/wp.sunwave-virtual.com\/index.php?rest_route=\/wp\/v2\/pages"}],"about":[{"href":"https:\/\/wp.sunwave-virtual.com\/index.php?rest_route=\/wp\/v2\/types\/page"}],"replies":[{"embeddable":true,"href":"https:\/\/wp.sunwave-virtual.com\/index.php?rest_route=%2Fwp%2Fv2%2Fcomments&post=14"}],"version-history":[{"count":0,"href":"https:\/\/wp.sunwave-virtual.com\/index.php?rest_route=\/wp\/v2\/pages\/14\/revisions"}],"wp:attachment":[{"href":"https:\/\/wp.sunwave-virtual.com\/index.php?rest_route=%2Fwp%2Fv2%2Fmedia&parent=14"}],"curies":[{"name":"wp","href":"https:\/\/api.w.org\/{rel}","templated":true}]}}