{"id":7,"date":"2026-05-09T12:56:36","date_gmt":"2026-05-09T12:56:36","guid":{"rendered":"https:\/\/wp.sunwave-virtual.com\/?page_id=7"},"modified":"2026-05-09T12:56:36","modified_gmt":"2026-05-09T12:56:36","slug":"flotte","status":"publish","type":"page","link":"https:\/\/wp.sunwave-virtual.com\/?page_id=7","title":{"rendered":"Flotte"},"content":{"rendered":"\n<a href=\"#main-content\" class=\"wv-link-content button\">Skip to main content<\/a>\n<div class=\"ed-element ed-reference ed-reference-container wv-boxed menu-wrapper wv-overflow_visible preset-menu-v2-hdecor\" id=\"ed-2532622298\" data-reference=\"2509910786\"><div class=\"inner\"><div class=\"ed-element ed-button custom-theme\" id=\"ed-2711804881\"><a href=\"https:\/\/wp.sunwave-virtual.com\/register\" class=\"button center\" target=\"_blank\">JETZT FLIEGEN<\/a><\/div><div class=\"ed-element ed-logo logo\" id=\"ed-2509910789\"><a href=\"\/\"><img decoding=\"async\" src=\"https:\/\/wp.sunwave-virtual.com\/wp-content\/uploads\/sunwave-static\/images\/192\/24408794\/SunwaveLogoneufreigestelltklein-iL3P2APfRFNNTDMNTLxWsA.png\" alt=\"sunwave-virtual.com\"><\/a><\/div><div class=\"ed-element ed-container mobile-cont wv-overflow_visible\" id=\"ed-2509910792\"><div class=\"inner\"><div class=\"ed-element ed-html menu-trigger active\" id=\"ed-2509910795\"><div class=\"menu-trigger-box\"><button class=\"menu-trigger-inner\">Menu<\/button><\/div><\/div><\/div><\/div><nav class=\"ed-element ed-menu wv-custom wv-overflow_horizontal\" id=\"ed-2509910801\"><ul class=\"menu-level-0\"><li class=\"wv-page-28830194-de first\"><a href=\"\/\" class=\"wv-page-28830194-de first\">Home<\/a><\/li><li class=\"wv-page-28945139-de active\"><a href=\"\/flotte\" class=\"wv-page-28945139-de active\">FLOTTE<\/a><\/li><li><a target=\"_blank\" href=\"https:\/\/wp.sunwave-virtual.com\/livemap\">Live Map<\/a><\/li><li><a target=\"_blank\" href=\"https:\/\/discord.gg\/dGnKKQUQbk\" title=\"DISCORD\">DISCORD<\/a><\/li><li><a target=\"_blank\" href=\"https:\/\/wp.sunwave-virtual.com\/dashboard\">FLIGHT DISPATCH<\/a><\/li><li class=\"wv-page-28830209-de end\"><a href=\"\/datenschutz-und-impressum\" class=\"wv-page-28830209-de last\">Datenschutz und Impressum<\/a><\/li><\/ul><\/nav><nav class=\"ed-element ed-menu wv-custom wv-overflow_horizontal animation-initial\" id=\"ed-2711804592\" data-animation=\"{&quot;type&quot;:&quot;move-bottom-to-top&quot;,&quot;initial&quot;:&quot;hide&quot;,&quot;keepHeight&quot;:true,&quot;duration&quot;:&quot;.5s&quot;,&quot;delay&quot;:&quot;0s&quot;,&quot;overlay&quot;:{&quot;width&quot;:&quot;auto&quot;},&quot;trigger&quot;:&quot;scroll&quot;,&quot;group&quot;:{&quot;name&quot;:&quot;&quot;,&quot;behavior&quot;:{&quot;show&quot;:&quot;&quot;,&quot;hide&quot;:&quot;&quot;}},&quot;closeText&quot;:&quot;&quot;}\"><ul class=\"menu-level-0\"><li class=\"wv-page-30056400-de first\"><a href=\"\/liverys-lackierungen\" class=\"wv-page-30056400-de first\">LIVERYS \/ LACKIERUNGEN<\/a><\/li><li class=\"wv-page-28830197-de\"><a href=\"\/sunwave-classic\" class=\"wv-page-28830197-de\">SUNWAVE CLASSIC<\/a><\/li><li class=\"wv-page-28830203-de\"><a href=\"\/solmaris\" class=\"wv-page-28830203-de\">SOLMARIS<\/a><\/li><li class=\"wv-page-29832015-de\"><a href=\"\/solarix\" class=\"wv-page-29832015-de\"> SOLARIX<\/a><\/li><li class=\"wv-page-28830200-de end\"><a href=\"\/sunwave-aurora\" class=\"wv-page-28830200-de last\">SUNWAVE AURORA<\/a><\/li><\/ul><\/nav><\/div><\/div><div class=\"ed-element ed-container wv-boxed wv-spacer full-width\" id=\"ed-2532622304\"><div class=\"background\"><figure class=\"ed-element ed-image wv-bg\" id=\"ed-2532840048\"><div class=\"background-image-holder\" style=\")\"><\/div><\/figure><\/div><div class=\"inner\"><div class=\"ed-element ed-headline custom-theme\" id=\"ed-2532840051\"><h2>Unsere Flotte<\/h2><\/div><\/div><\/div><div class=\"ed-element ed-container flex-align-items-stretch flex-justify-content-space-between preset-fullscreen-text-and-background-v3-alignments\" id=\"ed-2532840057\"><div class=\"inner\"><div class=\"ed-element ed-container text-and-background-content flex-align-items-center flex-align-content-center wv-boxed wv-overflow_visible\" id=\"ed-2532840060\"><div class=\"inner\"><div class=\"ed-element ed-headline custom-theme\" id=\"ed-2532840063\"><h2>&nbsp; &nbsp; Airbus A320<\/h2><\/div><div class=\"ed-element ed-text custom-theme\" id=\"ed-2711586456\"><p>D-ASUN &nbsp;&#8222;MALAGA&#8220;&nbsp; &nbsp; &nbsp; &nbsp; &nbsp; &nbsp; SUNWAVE STANDARD 1st EDITION<br>D-AVAO&nbsp; &#8222;FRIENDSHIP&#8220;&nbsp; &nbsp; IVAO PARTNER LIVERY<br>D-ALRX&nbsp; &nbsp;&#8222;SOLARIX&#8220;&nbsp; &nbsp; &nbsp; &nbsp; &nbsp; &nbsp;SOLARIX SPECIAL LIVERY<\/p><\/div><div class=\"ed-element ed-text custom-theme\" id=\"ed-2711589993\"><p><br><span style=\"font-size: 12px\"><br>Sunwave betreibt die Version A320-214 mit Triebwerken von CFM International&nbsp;<\/span><\/p><\/div><div class=\"ed-element ed-text custom-theme\" id=\"ed-2532840069\"><p> <\/p><\/div><\/div><\/div><div class=\"ed-element ed-container full-width text-and-background-background wv-overflow_visible\" id=\"ed-2532840072\"><div class=\"background\"><figure class=\"ed-element ed-image wv-bg bg-cc\" id=\"ed-2532840075\"><div class=\"background-image-holder lazyload ed-lazyload\" data-background=\"url(&quot;\/images\/1680\/2813919\/img-small-white.jpg&quot;)\" style=\"background-image: none\"><\/div><\/figure><\/div><div class=\"inner\" data-parallax-amount=\"0\"><figure class=\"ed-element ed-image\" id=\"ed-2532840081\"><img decoding=\"async\" src=\"https:\/\/wp.sunwave-virtual.com\/wp-content\/uploads\/sunwave-static\/images\/1920\/24848279\/Screenshot2026-02-11173016-du7pc0Jz7f8qqzUOy8Ja6Q.jpg\" alt=\"\"><\/figure><\/div><\/div><\/div><\/div><div class=\"ed-element ed-separator\" id=\"ed-2532840162\"><hr class=\"bg-primary\"><\/div><div class=\"ed-element ed-container flex-align-items-stretch flex-justify-content-space-between preset-fullscreen-text-and-background-v3-alignments\" id=\"ed-2532840084\"><div class=\"inner\"><div class=\"ed-element ed-container text-and-background-content flex-align-items-center flex-align-content-center wv-boxed wv-overflow_visible\" id=\"ed-2532840087\"><div class=\"inner\"><div class=\"ed-element ed-headline custom-theme\" id=\"ed-2532840090\"><h2>&nbsp; &nbsp; &nbsp;Airbus A321&nbsp;<\/h2><\/div><div class=\"ed-element ed-text custom-theme\" id=\"ed-2711586459\"><p>D-ASOL&nbsp; &#8222;MYKONOS&#8220;&nbsp; &nbsp; SOLMARIS LIVERY<br>D-ASLS&nbsp; &#8222;IBIZA&#8220;&nbsp; &nbsp; &nbsp; &nbsp; &nbsp; &nbsp; &nbsp; &nbsp;SUNWAVE STANDARD<\/p><\/div><div class=\"ed-element ed-text custom-theme\" id=\"ed-2711589996\"><p><br><br><span style=\"font-size: 12px\">Sunwave betreibt die Version A321-231 mit Triebwerken von International Aero Engines und Sharklets<\/span><\/p><p><br><\/p><\/div><div class=\"ed-element ed-text custom-theme\" id=\"ed-2532840096\"><p> <\/p><\/div><\/div><\/div><div class=\"ed-element ed-container full-width text-and-background-background wv-overflow_visible\" id=\"ed-2532840105\"><div class=\"background\"><figure class=\"ed-element ed-image wv-bg bg-cc\" id=\"ed-2532840108\"><div class=\"background-image-holder lazyload ed-lazyload\" data-background=\"url(&quot;\/images\/1680\/2813919\/img-small-white.jpg&quot;)\" style=\"background-image: none\"><\/div><\/figure><\/div><div class=\"inner\" data-parallax-amount=\"0\"><figure class=\"ed-element ed-image\" id=\"ed-2532840111\"><img decoding=\"async\" src=\"https:\/\/wp.sunwave-virtual.com\/wp-content\/uploads\/sunwave-static\/images\/1920\/24848327\/Screenshot2026-03-08173952-2i4D8d4azZjE6sYhJeahQg.jpg\" alt=\"\"><\/figure><\/div><\/div><\/div><\/div><div class=\"ed-element ed-separator\" id=\"ed-2532840165\"><hr class=\"bg-primary\"><\/div><div class=\"ed-element ed-container flex-align-items-stretch flex-justify-content-space-between preset-fullscreen-text-and-background-v3-alignments\" id=\"ed-2532840117\"><div class=\"inner\"><div class=\"ed-element ed-container text-and-background-content flex-align-items-center flex-align-content-center wv-boxed wv-overflow_visible\" id=\"ed-2532840120\"><div class=\"inner\"><div class=\"ed-element ed-headline custom-theme\" id=\"ed-2532840123\"><h2>Airbus A350-900<\/h2><\/div><div class=\"ed-element ed-text custom-theme\" id=\"ed-2711586462\"><p>D-AHEL&nbsp; &#8222;KINGSTON&#8220;&nbsp; &nbsp; &nbsp; &nbsp; &nbsp; &nbsp; SOLMARIS LIVERY<\/p><\/div><div class=\"ed-element ed-text custom-theme\" id=\"ed-2532840126\"><p> <\/p><\/div><\/div><\/div><div class=\"ed-element ed-container full-width text-and-background-background wv-overflow_visible\" id=\"ed-2532840132\"><div class=\"background\"><figure class=\"ed-element ed-image wv-bg bg-cc\" id=\"ed-2532840135\"><div class=\"background-image-holder lazyload ed-lazyload\" data-background=\"url(&quot;\/images\/1536\/24848344\/SolmarisA350Hero-2NvO0xbjPDL2FbkKrdnQvw.png&quot;)\" style=\")\"><\/div><\/figure><\/div><div class=\"inner\" data-parallax-amount=\"0\">&nbsp;<\/div><\/div><\/div><\/div><div class=\"ed-element ed-separator\" id=\"ed-2532840168\"><hr class=\"bg-primary\"><\/div><div class=\"ed-element ed-container flex-align-items-stretch flex-justify-content-space-between preset-fullscreen-text-and-background-v3-alignments\" id=\"ed-2532840141\"><div class=\"inner\"><div class=\"ed-element ed-container text-and-background-content flex-align-items-center flex-align-content-center wv-boxed wv-overflow_visible\" id=\"ed-2532840144\"><div class=\"inner\"><div class=\"ed-element ed-headline custom-theme\" id=\"ed-2532840147\"><h2>Boeing 737-8MAX<\/h2><\/div><div class=\"ed-element ed-text custom-theme\" id=\"ed-2711586465\"><p>D-AWVE&nbsp; &#8222;MADEIRA&#8220;&nbsp; &nbsp; &nbsp; &nbsp;SUNWAVE STANDARD<br><br><br><br><br><br><br><br><br><br><br><br><br><br><br><br><br><br><br>.<\/p><\/div><\/div><\/div><div class=\"ed-element ed-container full-width text-and-background-background wv-overflow_visible\" id=\"ed-2532840150\"><div class=\"background\"><figure class=\"ed-element ed-image wv-bg bg-cc\" id=\"ed-2532840159\"><div class=\"background-image-holder lazyload ed-lazyload\" data-background=\"url(&quot;\/images\/1920\/25312795\/Screenshot2026-04-25205742-N3lB4TDtzA8bMMG1fu9V4w.jpg&quot;)\" style=\")\"><\/div><\/figure><\/div><div class=\"inner\" data-parallax-amount=\"0\">&nbsp;<\/div><\/div><\/div><\/div><div class=\"ed-element ed-spacer\" id=\"ed-2714639479\"><div class=\"space\"><\/div><\/div><div class=\"ed-element ed-spacer\" id=\"ed-2532840171\"><div class=\"space\"><\/div><\/div><div class=\"ed-element ed-headline custom-theme\" id=\"ed-2532840174\"><h2>Sunwave CLASSIC<\/h2><\/div><div class=\"ed-element ed-container flex-align-items-stretch flex-justify-content-space-between preset-fullscreen-text-and-background-v3-alignments\" id=\"ed-2532840180\"><div class=\"inner\"><div class=\"ed-element ed-container text-and-background-content flex-align-items-center flex-align-content-center wv-boxed wv-overflow_visible\" id=\"ed-2532840183\"><div class=\"inner\"><div class=\"ed-element ed-headline custom-theme\" id=\"ed-2532840186\"><h2>Lockheed L1011<\/h2><\/div><div class=\"ed-element ed-text custom-theme\" id=\"ed-2711586468\"><p>D-ATRI&nbsp; &#8222;ORLANDO&#8220;&nbsp; &nbsp; &nbsp; &nbsp;SUNWAVE CLASSIC<br><br><br><br><br><br><br><br><br><br><br><br><br><br><br>.<\/p><\/div><\/div><\/div><div class=\"ed-element ed-container full-width text-and-background-background wv-overflow_visible\" id=\"ed-2532840189\"><div class=\"background\"><figure class=\"ed-element ed-image wv-bg bg-cc\" id=\"ed-2532840195\"><div class=\"background-image-holder lazyload ed-lazyload\" data-background=\"url(&quot;\/images\/1920\/24848473\/Screenshot2026-04-12195707-iddoAFO0FcfzcI7a30ZNtg.jpg&quot;)\" style=\")\"><\/div><\/figure><\/div><div class=\"inner\" data-parallax-amount=\"0\">&nbsp;<\/div><\/div><\/div><\/div><div class=\"ed-element ed-separator\" id=\"ed-2532840198\"><hr class=\"bg-primary\"><\/div><div class=\"ed-element ed-container flex-align-items-stretch flex-justify-content-space-between preset-fullscreen-text-and-background-v3-alignments\" id=\"ed-2532840201\"><div class=\"inner\"><div class=\"ed-element ed-container text-and-background-content flex-align-items-center flex-align-content-center wv-boxed wv-overflow_visible\" id=\"ed-2532840204\"><div class=\"inner\"><div class=\"ed-element ed-headline custom-theme\" id=\"ed-2532840207\"><h2>MD11<\/h2><\/div><div class=\"ed-element ed-text custom-theme\" id=\"ed-2711586471\"><p>D-ASUR&nbsp; &#8222;NASSAU&#8220;&nbsp; &nbsp; SUNWAVE STANDARD<br><br><br><br><br><br><br><br><br><br><br><br><br><br><br>.<\/p><\/div><\/div><\/div><div class=\"ed-element ed-container full-width text-and-background-background wv-overflow_visible\" id=\"ed-2532840213\"><div class=\"background\"><figure class=\"ed-element ed-image wv-bg bg-cc\" id=\"ed-2532840216\"><div class=\"background-image-holder lazyload ed-lazyload\" data-background=\"url(&quot;\/images\/1920\/24848491\/Screenshot2026-04-07145651-ziRUQH7sV5f55vG68pP7cA.jpg&quot;)\" style=\")\"><\/div><\/figure><\/div><div class=\"inner\" data-parallax-amount=\"0\">&nbsp;<\/div><\/div><\/div><\/div><div class=\"ed-element ed-separator\" id=\"ed-2532840219\"><hr class=\"bg-primary\"><\/div><div class=\"ed-element ed-container flex-align-items-stretch flex-justify-content-space-between preset-fullscreen-text-and-background-v3-alignments\" id=\"ed-2532840225\"><div class=\"inner\"><div class=\"ed-element ed-container text-and-background-content flex-align-items-center flex-align-content-center wv-boxed wv-overflow_visible\" id=\"ed-2532840228\"><div class=\"inner\"><div class=\"ed-element ed-headline custom-theme\" id=\"ed-2532840231\"><h2>MD83<\/h2><\/div><div class=\"ed-element ed-text custom-theme\" id=\"ed-2711586474\"><p>D-AMAD &nbsp;&#8222;SPLIT&#8220;&nbsp; &nbsp; &nbsp; &nbsp; &nbsp;SUNWAVE CLASSIC<br><br><br><br><br><br><br><br><br><br><br><br><br>.<\/p><\/div><\/div><\/div><div class=\"ed-element ed-container full-width text-and-background-background wv-overflow_visible\" id=\"ed-2532840237\"><div class=\"background\"><figure class=\"ed-element ed-image wv-bg bg-cc\" id=\"ed-2532840240\"><div class=\"background-image-holder lazyload ed-lazyload\" data-background=\"url(&quot;\/images\/1920\/24848507\/Screenshot2026-04-14171231-FweMoCB4JEWVqwRloUCUfA.jpg&quot;)\" style=\")\"><\/div><\/figure><\/div><div class=\"inner\" data-parallax-amount=\"0\">&nbsp;<\/div><\/div><\/div><\/div><div class=\"ed-element ed-spacer\" id=\"ed-2532840243\"><div class=\"space\"><\/div><\/div><div class=\"ed-element ed-container wv-boxed wv-spacer wv-overflow_visible preset-text-v2-default\" id=\"ed-2532840246\"><div class=\"inner\"><div class=\"ed-element ed-headline custom-theme\" id=\"ed-2532840249\"><h2>Flottenplanung<\/h2><\/div><div class=\"ed-element ed-spacer\" id=\"ed-2532840252\"><div class=\"space\"><\/div><\/div><div class=\"ed-element ed-text custom-theme text\" id=\"ed-2532840255\"><p>Unsere Flotte wird kontinuierlich weiter ausgebaut und orientiert sich aktuell an den Top Addon Fliegern f\u00fcr den MSFS2024.<br>X Plane Muster und Liverys k\u00f6nnen bei Bedarf ebenfalls in die Flotte aufgenommen werden.&nbsp;<br><br>Sollte das gew\u00fcnschte bzw. bevorzugte Muster einmal nicht vorhanden sein, kann dieses in Absprache mit dem Staff entweder in der Flotte integriert oder als Subcharter mit anderer Lackierung eingepflegt werden.&nbsp;<br><br>W\u00fcnsche diesbez\u00fcglich k\u00f6nnen von aktiven Piloten im SUNWAVE DISCORD ausgesprochen werden.<\/p><\/div><\/div><\/div><div class=\"ed-element ed-reference ed-reference-container footer preset-footer-frigg-v2-hdecor wv-boxed\" id=\"ed-2532622301\" data-reference=\"2509910876\"><footer class=\"inner\"><div class=\"ed-element ed-container wv-boxed footer-frigg-content wv-overflow_hidden\" id=\"ed-2509910879\"><div class=\"inner\"><div class=\"ed-element ed-container footer-frigg-box footer-frigg-box-flex wv-overflow_hidden\" id=\"ed-2509910882\"><div class=\"inner\"><div class=\"ed-element ed-container\" id=\"ed-2509910885\"><div class=\"inner\"><div class=\"ed-element ed-logo\" id=\"ed-2509910888\"><a href=\"\/\"><img decoding=\"async\" src=\"%20%23F7F7F7'%20\/%3E%3C\/svg%3E\" alt=\"sunwave-virtual.com\" data-src=\"https:\/\/wp.sunwave-virtual.com\/wp-content\/uploads\/sunwave-static\/images\/192\/24408794\/SunwaveLogoneufreigestelltklein-iL3P2APfRFNNTDMNTLxWsA.png\" class=\"ed-lazyload\" data-srcset=\"\/images\/384\/24408794\/SunwaveLogoneufreigestelltklein-iL3P2APfRFNNTDMNTLxWsA.png 2x\"><\/a><\/div><div class=\"ed-element ed-spacer\" id=\"ed-2509910891\"><div class=\"space\"><\/div><\/div><div class=\"ed-element ed-text custom-theme footer-fz\" id=\"ed-2509910894\"><p>&#8230;flieg mit der Sonne<br><br><br>Callsign: Solaris<\/p><p>3 Lettter Code : SNW<br><br><\/p><p><br><\/p><\/div><\/div><\/div><\/div><\/div><div class=\"ed-element ed-container footer-frigg-box footer-frigg-box-shrink wv-overflow_hidden\" id=\"ed-2509910897\"><div class=\"inner\"><div class=\"ed-element ed-spacer\" id=\"ed-2509910900\"><div style=\"height: 16px\" class=\"space\"><\/div><\/div><\/div><\/div><\/div><\/div><div class=\"ed-element ed-container flex-align-items-center flex-align-content-center wv-boxed wv-overflow_visible\" id=\"ed-2509910903\"><div class=\"inner\"><div class=\"ed-element ed-spacer\" id=\"ed-2509910906\"><div class=\"space\"><\/div><\/div><div class=\"ed-element ed-container flex-align-items-center flex-align-content-center\" id=\"ed-2509910909\"><div class=\"inner\"><div class=\"ed-element ed-text custom-theme footer-fz\" id=\"ed-2509910912\"><p><i class=\"fa fa-copyright\"><\/i> <span class=\"fr-deletable\" data-bind=\"customer.company\">homepage.sunwave-virtual.com<\/span>&nbsp;2024<\/p><\/div><\/div><\/div><div class=\"ed-element ed-container flex-align-content-center flex-align-items-center\" id=\"ed-2509910915\"><div class=\"inner\">&nbsp;<\/div><\/div><div class=\"ed-element ed-spacer hide-lg hide-md\" id=\"ed-2509910918\"><div class=\"space\"><\/div><\/div><\/div><\/div><\/footer><\/div>\n","protected":false},"excerpt":{"rendered":"<p>Skip to main content JETZT FLIEGEN Menu Home FLOTTE Live Map DISCORD FLIGHT DISPATCH Datenschutz und Impressum LIVERYS \/ LACKIERUNGEN SUNWAVE CLASSIC SOLMARIS SOLARIX SUNWAVE AURORA Unsere Flotte &nbsp; &nbsp; Airbus A320 D-ASUN &nbsp;&#8222;MALAGA&#8220;&nbsp; &nbsp; &nbsp; &nbsp; &nbsp; &nbsp; SUNWAVE STANDARD 1st EDITIOND-AVAO&nbsp; &#8222;FRIENDSHIP&#8220;&nbsp; &nbsp; IVAO PARTNER LIVERYD-ALRX&nbsp; &nbsp;&#8222;SOLARIX&#8220;&nbsp; &nbsp; &nbsp; &nbsp; &nbsp; &nbsp;SOLARIX SPECIAL [&hellip;]<\/p>\n","protected":false},"author":0,"featured_media":0,"parent":0,"menu_order":0,"comment_status":"closed","ping_status":"closed","template":"","meta":{"footnotes":""},"class_list":["post-7","page","type-page","status-publish","hentry"],"_links":{"self":[{"href":"https:\/\/wp.sunwave-virtual.com\/index.php?rest_route=\/wp\/v2\/pages\/7","targetHints":{"allow":["GET"]}}],"collection":[{"href":"https:\/\/wp.sunwave-virtual.com\/index.php?rest_route=\/wp\/v2\/pages"}],"about":[{"href":"https:\/\/wp.sunwave-virtual.com\/index.php?rest_route=\/wp\/v2\/types\/page"}],"replies":[{"embeddable":true,"href":"https:\/\/wp.sunwave-virtual.com\/index.php?rest_route=%2Fwp%2Fv2%2Fcomments&post=7"}],"version-history":[{"count":0,"href":"https:\/\/wp.sunwave-virtual.com\/index.php?rest_route=\/wp\/v2\/pages\/7\/revisions"}],"wp:attachment":[{"href":"https:\/\/wp.sunwave-virtual.com\/index.php?rest_route=%2Fwp%2Fv2%2Fmedia&parent=7"}],"curies":[{"name":"wp","href":"https:\/\/api.w.org\/{rel}","templated":true}]}}