{"id":8,"date":"2026-05-09T12:56:36","date_gmt":"2026-05-09T12:56:36","guid":{"rendered":"https:\/\/wp.sunwave-virtual.com\/?page_id=8"},"modified":"2026-05-09T12:56:36","modified_gmt":"2026-05-09T12:56:36","slug":"liverys-lackierungen","status":"publish","type":"page","link":"https:\/\/wp.sunwave-virtual.com\/?page_id=8","title":{"rendered":"Liverys \/ Lackierungen"},"content":{"rendered":"\n<a href=\"#main-content\" class=\"wv-link-content button\">Skip to main content<\/a>\n<div class=\"ed-element ed-reference ed-reference-container wv-boxed menu-wrapper wv-overflow_visible preset-menu-v2-hdecor\" id=\"ed-2757729714\" data-reference=\"2509910786\"><div class=\"inner\"><div class=\"ed-element ed-button custom-theme\" id=\"ed-2711804881\"><a href=\"https:\/\/wp.sunwave-virtual.com\/register\" class=\"button center\" target=\"_blank\">JETZT FLIEGEN<\/a><\/div><div class=\"ed-element ed-logo logo\" id=\"ed-2509910789\"><a href=\"\/\"><img decoding=\"async\" src=\"https:\/\/wp.sunwave-virtual.com\/wp-content\/uploads\/sunwave-static\/images\/192\/24408794\/SunwaveLogoneufreigestelltklein-iL3P2APfRFNNTDMNTLxWsA.png\" alt=\"sunwave-virtual.com\"><\/a><\/div><div class=\"ed-element ed-container mobile-cont wv-overflow_visible\" id=\"ed-2509910792\"><div class=\"inner\"><div class=\"ed-element ed-html menu-trigger active\" id=\"ed-2509910795\"><div class=\"menu-trigger-box\"><button class=\"menu-trigger-inner\">Menu<\/button><\/div><\/div><\/div><\/div><nav class=\"ed-element ed-menu wv-custom wv-overflow_horizontal\" id=\"ed-2509910801\"><ul class=\"menu-level-0\"><li class=\"wv-page-28830194-de first\"><a href=\"\/\" class=\"wv-page-28830194-de first\">Home<\/a><\/li><li class=\"wv-page-28945139-de\"><a href=\"\/flotte\" class=\"wv-page-28945139-de\">FLOTTE<\/a><\/li><li><a target=\"_blank\" href=\"https:\/\/wp.sunwave-virtual.com\/livemap\">Live Map<\/a><\/li><li><a target=\"_blank\" href=\"https:\/\/discord.gg\/dGnKKQUQbk\" title=\"DISCORD\">DISCORD<\/a><\/li><li><a target=\"_blank\" href=\"https:\/\/wp.sunwave-virtual.com\/dashboard\">FLIGHT DISPATCH<\/a><\/li><li class=\"wv-page-28830209-de end\"><a href=\"\/datenschutz-und-impressum\" class=\"wv-page-28830209-de last\">Datenschutz und Impressum<\/a><\/li><\/ul><\/nav><nav class=\"ed-element ed-menu wv-custom wv-overflow_horizontal animation-initial\" id=\"ed-2711804592\" data-animation=\"{&quot;type&quot;:&quot;move-bottom-to-top&quot;,&quot;initial&quot;:&quot;hide&quot;,&quot;keepHeight&quot;:true,&quot;duration&quot;:&quot;.5s&quot;,&quot;delay&quot;:&quot;0s&quot;,&quot;overlay&quot;:{&quot;width&quot;:&quot;auto&quot;},&quot;trigger&quot;:&quot;scroll&quot;,&quot;group&quot;:{&quot;name&quot;:&quot;&quot;,&quot;behavior&quot;:{&quot;show&quot;:&quot;&quot;,&quot;hide&quot;:&quot;&quot;}},&quot;closeText&quot;:&quot;&quot;}\"><ul class=\"menu-level-0\"><li class=\"wv-page-30056400-de first active\"><a href=\"\/liverys-lackierungen\" class=\"wv-page-30056400-de first active\">LIVERYS \/ LACKIERUNGEN<\/a><\/li><li class=\"wv-page-28830197-de\"><a href=\"\/sunwave-classic\" class=\"wv-page-28830197-de\">SUNWAVE CLASSIC<\/a><\/li><li class=\"wv-page-28830203-de\"><a href=\"\/solmaris\" class=\"wv-page-28830203-de\">SOLMARIS<\/a><\/li><li class=\"wv-page-29832015-de\"><a href=\"\/solarix\" class=\"wv-page-29832015-de\"> SOLARIX<\/a><\/li><li class=\"wv-page-28830200-de end\"><a href=\"\/sunwave-aurora\" class=\"wv-page-28830200-de last\">SUNWAVE AURORA<\/a><\/li><\/ul><\/nav><\/div><\/div><div class=\"ed-element ed-headline custom-theme\" id=\"ed-2757780001\"><h2>SUNWAVE LIVERYS<\/h2><\/div><div class=\"ed-element ed-container wv-boxed wv-spacer wv-overflow_visible preset-slider-v3-default\" id=\"ed-2757780004\"><div class=\"inner\" role=\"region\" aria-label=\"Image Slider\"><div class=\"ed-element ed-slider wv-overflow_visible\" style=\"max-width: 100%\" id=\"ed-2757780007\"><div class=\"slider-container has-dots slick-dotted slick-initialized slick-slider\" data-parameters=\"{&quot;items&quot;:[{&quot;image&quot;:&quot;\/images\/0\/25416689\/Screenshot2026-03-29184547-VLFxJViQMvAJUACfIrHPSQ.jpg&quot;,&quot;title&quot;:&quot;&quot;},{&quot;image&quot;:&quot;\/images\/0\/25416710\/Screenshot2026-03-17164129-xMbSA73sH4FyfFiTRy6rPg.jpg&quot;,&quot;title&quot;:&quot;&quot;},{&quot;image&quot;:&quot;\/images\/0\/25416734\/Screenshot2026-04-01201121-Pcuj6WtGWfZo58wevLLMYQ.jpg&quot;,&quot;title&quot;:&quot;&quot;},{&quot;image&quot;:&quot;\/images\/0\/25416736\/Screenshot2026-04-22121210-FtFuF2yTk1zIXqXsPSP47Q.jpg&quot;,&quot;title&quot;:&quot;&quot;},{&quot;image&quot;:&quot;\/images\/0\/25416746\/Screenshot2026-04-25205742-1MyKvT0pE_oj5YJEvpa7nA.jpg&quot;,&quot;title&quot;:&quot;&quot;},{&quot;image&quot;:&quot;\/images\/0\/25416756\/Screenshot2026-05-01175715-616BsCg1QvzN-PxBL8p0xA.jpg&quot;,&quot;title&quot;:&quot;&quot;},{&quot;image&quot;:&quot;\/images\/0\/25416762\/Screenshot2026-04-03172110-1GDNxzsEaX15nRXzA0Bsew.jpg&quot;,&quot;title&quot;:&quot;&quot;},{&quot;image&quot;:&quot;\/images\/0\/25416768\/Screenshot2026-04-03184413-zekCLudsmrZ8gKnYlyYqdg.jpg&quot;,&quot;title&quot;:&quot;&quot;},{&quot;image&quot;:&quot;\/images\/0\/25416777\/Screenshot2026-03-28171933-t6lwKhwa3xkRde3YUDnLaA.jpg&quot;,&quot;title&quot;:&quot;&quot;},{&quot;image&quot;:&quot;\/images\/0\/25416800\/Screenshot2026-04-30201635-2-htBDvDzszRd9RwN_My9A.jpg&quot;,&quot;title&quot;:&quot;&quot;},{&quot;image&quot;:&quot;\/images\/0\/25416813\/Screenshot2026-04-30202634-kU77q6ZhXDzO7y0PYWxL2w.jpg&quot;,&quot;title&quot;:&quot;&quot;},{&quot;image&quot;:&quot;\/images\/0\/25416833\/Screenshot2026-05-06120445-zQVRtcyxEZpNAoR0IAZqkQ.jpg&quot;,&quot;title&quot;:&quot;&quot;},{&quot;image&quot;:&quot;\/images\/0\/25416846\/Screenshot2026-05-06120505-DO5AhuTwHKpQ34Hed8tsbA.jpg&quot;,&quot;title&quot;:&quot;&quot;},{&quot;image&quot;:&quot;\/images\/0\/25416859\/Screenshot2026-05-06120421-GUBUhL3cRUpkQ_c5YlAPkw.jpg&quot;,&quot;title&quot;:&quot;&quot;}],&quot;adaptiveHeight&quot;:false,&quot;slidesToShow&quot;:1,&quot;slidesToScroll&quot;:1,&quot;rows&quot;:1,&quot;slidesPerRow&quot;:1,&quot;height&quot;:&quot;400px&quot;,&quot;animation&quot;:&quot;fade&quot;,&quot;animationSpeed&quot;:&quot;500ms&quot;,&quot;direction&quot;:&quot;horizontal&quot;,&quot;autoplay&quot;:true,&quot;autoplaySpeed&quot;:&quot;5s&quot;,&quot;pauseOnHover&quot;:true,&quot;loop&quot;:true,&quot;nav&quot;:true,&quot;dots&quot;:true,&quot;enlarge&quot;:false,&quot;retinaImages&quot;:false,&quot;lazyLoad&quot;:&quot;progressive&quot;,&quot;variableWidth&quot;:false,&quot;centerMode&quot;:false,&quot;centerPadding&quot;:&quot;0px&quot;,&quot;asNavFor&quot;:&quot;&quot;,&quot;responsive&quot;:[{&quot;breakpoint&quot;:976,&quot;settings&quot;:{&quot;slidesToShow&quot;:1,&quot;slidesToScroll&quot;:1,&quot;centerPadding&quot;:&quot;0px&quot;}},{&quot;breakpoint&quot;:576,&quot;settings&quot;:{&quot;slidesToShow&quot;:1,&quot;slidesToScroll&quot;:1,&quot;centerPadding&quot;:&quot;0px&quot;}}],&quot;insideContainer&quot;:true}\" style=\"height: 400px\"><\/div><\/div><\/div><\/div><div class=\"ed-element ed-separator\" id=\"ed-2757780013\"><hr class=\"bg-primary\"><\/div><div class=\"ed-element ed-container wv-boxed wv-spacer preset-text-with-image-v4-default\" id=\"ed-2757780016\"><div class=\"inner\"><div class=\"ed-element ed-container text-with-image-box wv-overflow_visible\" id=\"ed-2757780019\"><div class=\"inner\"><div class=\"ed-element ed-headline custom-theme\" id=\"ed-2757780022\"><h2>SUNWAVE Standard Version 1<\/h2><\/div><div class=\"ed-element ed-text custom-theme\" id=\"ed-2757780025\"><p data-start=\"0\" data-end=\"316\">Die flie\u00dfenden Blau- und Oranget\u00f6ne symbolisieren Himmel, Wasser und Abendsonne zugleich und verleihen dem Flugzeug bereits am Boden eine dynamische, fast bewegte Wirkung. Das charakteristische Sunwave-Logo auf dem Leitwerk bildet dabei das Zentrum der Marke: Sonne und Welle als Sinnbild f\u00fcr Freiheit, Reisen und Fernweh.<\/p><\/div><\/div><\/div><div class=\"ed-element ed-container full-width text-with-image-image wv-overflow_visible\" id=\"ed-2757780028\"><div class=\"background\"><figure class=\"ed-element ed-image wv-bg\" id=\"ed-2757780031\"><div class=\"background-image-holder ed-lazyload\" style=\")\" data-background=\"url(&quot;\/images\/878\/7199518\/img-small.jpg&quot;)\"><\/div><\/figure><\/div><div class=\"inner\"><figure class=\"ed-element ed-image\" id=\"ed-2757780034\"><img decoding=\"async\" src=\"https:\/\/wp.sunwave-virtual.com\/wp-content\/uploads\/sunwave-static\/images\/1024\/25416347\/Screenshot2026-03-28171933-eycftF37MRPekAdU7bf7Ew.jpg\" alt=\"\"><\/figure><\/div><\/div><\/div><\/div><div class=\"ed-element ed-separator\" id=\"ed-2758108368\"><hr class=\"bg-primary\"><\/div><div class=\"ed-element ed-container wv-boxed wv-spacer preset-text-with-image-v4-default\" id=\"ed-2757951604\"><div class=\"inner\"><div class=\"ed-element ed-container text-with-image-box wv-overflow_visible\" id=\"ed-2757951607\"><div class=\"inner\"><div class=\"ed-element ed-headline custom-theme\" id=\"ed-2757951610\"><h2>SUNWAVE Standard Vers.2<\/h2><\/div><div class=\"ed-element ed-text custom-theme\" id=\"ed-2757951613\"><p>Ist eine leicht \u00fcberarbeitete Version mit LOGO only Tailversion<\/p><\/div><\/div><\/div><div class=\"ed-element ed-container full-width text-with-image-image wv-overflow_visible\" id=\"ed-2757951616\"><div class=\"background\"><figure class=\"ed-element ed-image wv-bg\" id=\"ed-2757951619\"><div class=\"background-image-holder ed-lazyload\" style=\")\" data-background=\"url(&quot;\/images\/878\/7199518\/img-small.jpg&quot;)\"><\/div><\/figure><\/div><div class=\"inner\"><figure class=\"ed-element ed-image\" id=\"ed-2757951622\"><img decoding=\"async\" src=\"%20%23F7F7F7'%20\/%3E%3C\/svg%3E\" alt=\"\" data-src=\"https:\/\/wp.sunwave-virtual.com\/wp-content\/uploads\/sunwave-static\/images\/1024\/25416564\/Screenshot2026-04-03172110-eithvY1zUgd8p9UqY_mv2w.jpg\" class=\"ed-lazyload\"><\/figure><\/div><\/div><\/div><\/div><div class=\"ed-element ed-separator\" id=\"ed-2758108371\"><hr class=\"bg-primary\"><\/div><div class=\"ed-element ed-container wv-boxed wv-spacer preset-text-with-image-v4-default\" id=\"ed-2757951625\"><div class=\"inner\"><div class=\"ed-element ed-container text-with-image-box wv-overflow_visible\" id=\"ed-2757951628\"><div class=\"inner\"><div class=\"ed-element ed-headline custom-theme\" id=\"ed-2757951631\"><h2>SOLMARIS<\/h2><\/div><div class=\"ed-element ed-text custom-theme\" id=\"ed-2757951634\"><p>Die Solmaris Livery verbindet die Eleganz moderner Luxusresorts mit dem Gef\u00fchl tropischer Reiseziele. Klare Wei\u00dffl\u00e4chen stehen f\u00fcr Ruhe und Exklusivit\u00e4t, w\u00e4hrend T\u00fcrkis- und Ozeanblaut\u00f6ne Meer, Sonne und Fernweh symbolisieren. Das dunkle Leitwerk mit Palmen-, Sonnen- und Wellenmotiv verleiht dem Design einen hochwertigen, fast hotelartigen Charakter. Durch die flie\u00dfenden Linien und weichen \u00dcberg\u00e4nge wirkt die gesamte Lackierung leicht, modern und emotional zugleich.<\/p><\/div><\/div><\/div><div class=\"ed-element ed-container full-width text-with-image-image wv-overflow_visible\" id=\"ed-2757951637\"><div class=\"background\"><figure class=\"ed-element ed-image wv-bg\" id=\"ed-2757951640\"><div class=\"background-image-holder ed-lazyload\" style=\")\" data-background=\"url(&quot;\/images\/1920\/25416603\/Screenshot2026-03-29184547-2dS1eC1ynUPR3Le85L9_Pw.jpg&quot;)\"><\/div><\/figure><\/div><div class=\"inner\">&nbsp;<\/div><\/div><\/div><\/div><div class=\"ed-element ed-separator\" id=\"ed-2758108374\"><hr class=\"bg-primary\"><\/div><div class=\"ed-element ed-container wv-boxed wv-spacer preset-text-with-image-v4-default\" id=\"ed-2757951643\"><div class=\"inner\"><div class=\"ed-element ed-container text-with-image-box wv-overflow_visible\" id=\"ed-2757951646\"><div class=\"inner\"><div class=\"ed-element ed-headline custom-theme\" id=\"ed-2757951649\"><h2>IVAO SPECIAL<\/h2><\/div><div class=\"ed-element ed-text custom-theme\" id=\"ed-2757951652\"><p>Die IVAO Partner Livery verbindet die warme, emotionale Sunwave-Farbwelt mit dem markanten Blau des IVAO-Brandings und symbolisiert damit die enge Partnerschaft beider Communities. Der flie\u00dfende \u00dcbergang zwischen den Farben steht f\u00fcr Zusammenarbeit, gemeinsames Wachstum und die Verbindung zwischen virtueller Luftfahrt und moderner Ferienairline-Atmosph\u00e4re. Trotz der starken IVAO-Pr\u00e4senz bleibt die typische Sunwave-Identit\u00e4t mit Sonnenfarben, Wellenlinien und dem charakteristischen Tail klar erkennbar. Die Lackierung wurde bewusst auff\u00e4llig und dynamisch gestaltet, um sowohl auf dem Vorfeld als auch im virtuellen Himmel sofort Aufmerksamkeit zu erzeugen.<\/p><\/div><\/div><\/div><div class=\"ed-element ed-container full-width text-with-image-image wv-overflow_visible\" id=\"ed-2757951655\"><div class=\"background\"><figure class=\"ed-element ed-image wv-bg\" id=\"ed-2757951658\"><div class=\"background-image-holder ed-lazyload\" style=\")\" data-background=\"url(&quot;\/images\/1920\/25416617\/Screenshot2026-04-30202634-sVl8OB8xqkQIZOvUUNIRtw.jpg&quot;)\"><\/div><\/figure><\/div><div class=\"inner\">&nbsp;<\/div><\/div><\/div><\/div><div class=\"ed-element ed-separator\" id=\"ed-2758108377\"><hr class=\"bg-primary\"><\/div><div class=\"ed-element ed-container wv-boxed wv-spacer preset-text-with-image-v4-default\" id=\"ed-2757951661\"><div class=\"inner\"><div class=\"ed-element ed-container text-with-image-box wv-overflow_visible\" id=\"ed-2757951664\"><div class=\"inner\"><div class=\"ed-element ed-headline custom-theme\" id=\"ed-2757951667\"><h2>SOLARIX LIVERY<\/h2><\/div><div class=\"ed-element ed-text custom-theme\" id=\"ed-2757951670\"><p data-start=\"0\" data-end=\"308\">Die Solarix Livery entstand aus der Idee, das typische Sunwave-Urlaubsgef\u00fchl speziell f\u00fcr Kinder und Familien erlebbar zu machen. Mit farbenfrohen Unterwasserwelten, tropischen Str\u00e4nden und dem Maskottchen Solarix als neugierigem Entdecker wurde das Flugzeug bewusst wie ein fliegendes Abenteuer gestaltet.<\/p><p data-start=\"310\" data-end=\"753\" data-is-last-node=\"\" data-is-only-node=\"\">Besonders macht die Livery die Verbindung aus moderner Airline-Optik und spielerischem Storytelling: Jede Szene auf dem Rumpf erz\u00e4hlt kleine Urlaubsmomente und l\u00e4dt zum Entdecken ein. Solarix \u00fcbernimmt dabei die Rolle des freundlichen Reisebegleiters und Botschafters f\u00fcr die kleinen G\u00e4ste \u2014 vom Boarding bis zur Landung. So wird das Flugzeug selbst bereits Teil des Urlaubserlebnisses und sorgt schon vor dem Start f\u00fcr leuchtende Kinderaugen.<\/p><\/div><\/div><\/div><div class=\"ed-element ed-container full-width text-with-image-image wv-overflow_visible\" id=\"ed-2757951673\"><div class=\"background\"><figure class=\"ed-element ed-image wv-bg\" id=\"ed-2757951676\"><div class=\"background-image-holder ed-lazyload\" style=\")\" data-background=\"url(&quot;\/images\/1920\/25416632\/Screenshot2026-05-06120421-IiNNSD3adQnlyUpB9-gpHQ.jpg&quot;)\"><\/div><\/figure><\/div><div class=\"inner\">&nbsp;<\/div><\/div><\/div><\/div><div class=\"ed-element ed-separator\" id=\"ed-2758108380\"><hr class=\"bg-primary\"><\/div><div class=\"ed-element ed-container wv-boxed wv-spacer preset-text-with-image-v4-default\" id=\"ed-2757981257\"><div class=\"inner\"><div class=\"ed-element ed-container text-with-image-box wv-overflow_visible\" id=\"ed-2757981260\"><div class=\"inner\"><div class=\"ed-element ed-headline custom-theme\" id=\"ed-2757981263\"><h2>SUNWAVE CLASSIC<\/h2><\/div><div class=\"ed-element ed-text custom-theme\" id=\"ed-2757981266\"><section class=\"text-token-text-primary w-full focus:outline-none [--shadow-height:45px] has-data-writing-block:pointer-events-none has-data-writing-block:-mt-(--shadow-height) has-data-writing-block:pt-(--shadow-height) [&amp;:has([data-writing-block])&gt;*]:pointer-events-auto R6Vx5W_threadScrollVars scroll-mb-[calc(var(--scroll-root-safe-area-inset-bottom,0px)+var(--thread-response-height))] scroll-mt-(--header-height)\" dir=\"auto\" data-turn-id=\"d18156a4-b5e7-48f7-880d-511723af514b\" data-testid=\"conversation-turn-15\" data-scroll-anchor=\"false\" data-turn=\"user\"><\/section><section class=\"text-token-text-primary w-full focus:outline-none [--shadow-height:45px] has-data-writing-block:pointer-events-none has-data-writing-block:-mt-(--shadow-height) has-data-writing-block:pt-(--shadow-height) [&amp;:has([data-writing-block])&gt;*]:pointer-events-auto [content-visibility:auto] supports-[content-visibility:auto]:[contain-intrinsic-size:auto_100lvh] R6Vx5W_threadScrollVars scroll-mb-[calc(var(--scroll-root-safe-area-inset-bottom,0px)+var(--thread-response-height))] scroll-mt-[calc(var(--header-height)+min(200px,max(70px,20svh)))]\" dir=\"auto\" data-turn-id=\"request-WEB:a144829c-c237-433a-8afb-2afa9efd5bd5-7\" data-testid=\"conversation-turn-16\" data-scroll-anchor=\"false\" data-turn=\"assistant\"><div><div><div><div data-message-author-role=\"assistant\" data-message-id=\"6f8b21cd-f568-4e7d-80fd-9e909554828c\" dir=\"auto\" data-message-model-slug=\"gpt-5-5\" data-turn-start-message=\"true\"><div><div><p data-start=\"0\" data-end=\"348\">Die Sunwave Classic Livery entstand als Hommage an die gro\u00dfen europ\u00e4ischen Ferienfluggesellschaften der 1980er- und fr\u00fchen 1990er-Jahre. Inspiriert von der \u00c4ra der TriStar, MD-80 und fr\u00fchen Charterairlines verbindet das Design klassische Cheatlines, kr\u00e4ftige Farben und eine bewusst nostalgische Linienf\u00fchrung mit der modernen Sunwave-Markenwelt.<\/p><p data-start=\"350\" data-end=\"704\" data-is-last-node=\"\" data-is-only-node=\"\">Besonders macht die Classic Livery ihre authentische Retro-Ausstrahlung: Sie erinnert an die Zeit, in der Urlaubsfl\u00fcge noch ein besonderes Erlebnis waren und Flugzeuge einen unverwechselbaren Charakter hatten. Trotz der historischen Anleihen bleibt die Identit\u00e4t von Sunwave durch Logo, Farben und das emotionale \u201eFly with the Sun\u201c-Gef\u00fchl klar erkennbar.<\/p><\/div><\/div><\/div><\/div><\/div><\/div><\/section><\/div><\/div><\/div><div class=\"ed-element ed-container full-width text-with-image-image wv-overflow_visible\" id=\"ed-2757981269\"><div class=\"background\"><figure class=\"ed-element ed-image wv-bg\" id=\"ed-2757981272\"><div class=\"background-image-holder ed-lazyload\" style=\")\" data-background=\"url(&quot;\/images\/1920\/25416930\/Screenshot2026-04-22121210-QjoGIeHQ7ANa6bnFhFIIBw.jpg&quot;)\"><\/div><\/figure><\/div><div class=\"inner\">&nbsp;<\/div><\/div><\/div><\/div><div class=\"ed-element ed-separator\" id=\"ed-2758108362\"><hr class=\"bg-primary\"><\/div><div class=\"ed-element ed-text custom-theme\" id=\"ed-2758108365\"><p style=\"line-height: 2;text-align: center\"><strong><span style=\"font-family: 'Montserrat Light 4SFeHj7QP_nYE8BR0sxyBg'\">Alle Liverys stellen wir auf unserem Discord zum download bereit.<\/span><\/strong><\/p><\/div><div class=\"ed-element ed-reference ed-reference-container footer preset-footer-frigg-v2-hdecor wv-boxed\" id=\"ed-2757729717\" data-reference=\"2509910876\"><footer class=\"inner\"><div class=\"ed-element ed-container wv-boxed footer-frigg-content wv-overflow_hidden\" id=\"ed-2509910879\"><div class=\"inner\"><div class=\"ed-element ed-container footer-frigg-box footer-frigg-box-flex wv-overflow_hidden\" id=\"ed-2509910882\"><div class=\"inner\"><div class=\"ed-element ed-container\" id=\"ed-2509910885\"><div class=\"inner\"><div class=\"ed-element ed-logo\" id=\"ed-2509910888\"><a href=\"\/\"><img decoding=\"async\" src=\"%20%23F7F7F7'%20\/%3E%3C\/svg%3E\" alt=\"sunwave-virtual.com\" data-src=\"https:\/\/wp.sunwave-virtual.com\/wp-content\/uploads\/sunwave-static\/images\/192\/24408794\/SunwaveLogoneufreigestelltklein-iL3P2APfRFNNTDMNTLxWsA.png\" class=\"ed-lazyload\" data-srcset=\"\/images\/384\/24408794\/SunwaveLogoneufreigestelltklein-iL3P2APfRFNNTDMNTLxWsA.png 2x\"><\/a><\/div><div class=\"ed-element ed-spacer\" id=\"ed-2509910891\"><div class=\"space\"><\/div><\/div><div class=\"ed-element ed-text custom-theme footer-fz\" id=\"ed-2509910894\"><p>&#8230;flieg mit der Sonne<br><br><br>Callsign: Solaris<\/p><p>3 Lettter Code : SNW<br><br><\/p><p><br><\/p><\/div><\/div><\/div><\/div><\/div><div class=\"ed-element ed-container footer-frigg-box footer-frigg-box-shrink wv-overflow_hidden\" id=\"ed-2509910897\"><div class=\"inner\"><div class=\"ed-element ed-spacer\" id=\"ed-2509910900\"><div style=\"height: 16px\" class=\"space\"><\/div><\/div><\/div><\/div><\/div><\/div><div class=\"ed-element ed-container flex-align-items-center flex-align-content-center wv-boxed wv-overflow_visible\" id=\"ed-2509910903\"><div class=\"inner\"><div class=\"ed-element ed-spacer\" id=\"ed-2509910906\"><div class=\"space\"><\/div><\/div><div class=\"ed-element ed-container flex-align-items-center flex-align-content-center\" id=\"ed-2509910909\"><div class=\"inner\"><div class=\"ed-element ed-text custom-theme footer-fz\" id=\"ed-2509910912\"><p><i class=\"fa fa-copyright\"><\/i> <span class=\"fr-deletable\" data-bind=\"customer.company\">homepage.sunwave-virtual.com<\/span>&nbsp;2024<\/p><\/div><\/div><\/div><div class=\"ed-element ed-container flex-align-content-center flex-align-items-center\" id=\"ed-2509910915\"><div class=\"inner\">&nbsp;<\/div><\/div><div class=\"ed-element ed-spacer hide-lg hide-md\" id=\"ed-2509910918\"><div class=\"space\"><\/div><\/div><\/div><\/div><\/footer><\/div>\n","protected":false},"excerpt":{"rendered":"<p>Skip to main content JETZT FLIEGEN Menu Home FLOTTE Live Map DISCORD FLIGHT DISPATCH Datenschutz und Impressum LIVERYS \/ LACKIERUNGEN SUNWAVE CLASSIC SOLMARIS SOLARIX SUNWAVE AURORA SUNWAVE LIVERYS SUNWAVE Standard Version 1 Die flie\u00dfenden Blau- und Oranget\u00f6ne symbolisieren Himmel, Wasser und Abendsonne zugleich und verleihen dem Flugzeug bereits am Boden eine dynamische, fast bewegte Wirkung. [&hellip;]<\/p>\n","protected":false},"author":0,"featured_media":0,"parent":0,"menu_order":0,"comment_status":"closed","ping_status":"closed","template":"","meta":{"footnotes":""},"class_list":["post-8","page","type-page","status-publish","hentry"],"_links":{"self":[{"href":"https:\/\/wp.sunwave-virtual.com\/index.php?rest_route=\/wp\/v2\/pages\/8","targetHints":{"allow":["GET"]}}],"collection":[{"href":"https:\/\/wp.sunwave-virtual.com\/index.php?rest_route=\/wp\/v2\/pages"}],"about":[{"href":"https:\/\/wp.sunwave-virtual.com\/index.php?rest_route=\/wp\/v2\/types\/page"}],"replies":[{"embeddable":true,"href":"https:\/\/wp.sunwave-virtual.com\/index.php?rest_route=%2Fwp%2Fv2%2Fcomments&post=8"}],"version-history":[{"count":0,"href":"https:\/\/wp.sunwave-virtual.com\/index.php?rest_route=\/wp\/v2\/pages\/8\/revisions"}],"wp:attachment":[{"href":"https:\/\/wp.sunwave-virtual.com\/index.php?rest_route=%2Fwp%2Fv2%2Fmedia&parent=8"}],"curies":[{"name":"wp","href":"https:\/\/api.w.org\/{rel}","templated":true}]}}