{"id":9,"date":"2026-05-09T12:56:36","date_gmt":"2026-05-09T12:56:36","guid":{"rendered":"https:\/\/wp.sunwave-virtual.com\/?page_id=9"},"modified":"2026-05-09T12:56:36","modified_gmt":"2026-05-09T12:56:36","slug":"sunwave-classic","status":"publish","type":"page","link":"https:\/\/wp.sunwave-virtual.com\/?page_id=9","title":{"rendered":"Sunwave Classic"},"content":{"rendered":"\n<a href=\"#main-content\" class=\"wv-link-content button\">Skip to main content<\/a>\n<div class=\"ed-element ed-reference ed-reference-container wv-boxed menu-wrapper wv-overflow_visible preset-menu-v2-hdecor\" id=\"ed-2509911053\" data-reference=\"2509910786\"><div class=\"inner\"><div class=\"ed-element ed-button custom-theme\" id=\"ed-2711804881\"><a href=\"https:\/\/wp.sunwave-virtual.com\/register\" class=\"button center\" target=\"_blank\">JETZT FLIEGEN<\/a><\/div><div class=\"ed-element ed-logo logo\" id=\"ed-2509910789\"><a href=\"\/\"><img decoding=\"async\" src=\"https:\/\/wp.sunwave-virtual.com\/wp-content\/uploads\/sunwave-static\/images\/192\/24408794\/SunwaveLogoneufreigestelltklein-iL3P2APfRFNNTDMNTLxWsA.png\" alt=\"sunwave-virtual.com\"><\/a><\/div><div class=\"ed-element ed-container mobile-cont wv-overflow_visible\" id=\"ed-2509910792\"><div class=\"inner\"><div class=\"ed-element ed-html menu-trigger active\" id=\"ed-2509910795\"><div class=\"menu-trigger-box\"><button class=\"menu-trigger-inner\">Menu<\/button><\/div><\/div><\/div><\/div><nav class=\"ed-element ed-menu wv-custom wv-overflow_horizontal\" id=\"ed-2509910801\"><ul class=\"menu-level-0\"><li class=\"wv-page-28830194-de first\"><a href=\"\/\" class=\"wv-page-28830194-de first\">Home<\/a><\/li><li class=\"wv-page-28945139-de\"><a href=\"\/flotte\" class=\"wv-page-28945139-de\">FLOTTE<\/a><\/li><li><a target=\"_blank\" href=\"https:\/\/wp.sunwave-virtual.com\/livemap\">Live Map<\/a><\/li><li><a target=\"_blank\" href=\"https:\/\/discord.gg\/dGnKKQUQbk\" title=\"DISCORD\">DISCORD<\/a><\/li><li><a target=\"_blank\" href=\"https:\/\/wp.sunwave-virtual.com\/dashboard\">FLIGHT DISPATCH<\/a><\/li><li class=\"wv-page-28830209-de end\"><a href=\"\/datenschutz-und-impressum\" class=\"wv-page-28830209-de last\">Datenschutz und Impressum<\/a><\/li><\/ul><\/nav><nav class=\"ed-element ed-menu wv-custom wv-overflow_horizontal animation-initial\" id=\"ed-2711804592\" data-animation=\"{&quot;type&quot;:&quot;move-bottom-to-top&quot;,&quot;initial&quot;:&quot;hide&quot;,&quot;keepHeight&quot;:true,&quot;duration&quot;:&quot;.5s&quot;,&quot;delay&quot;:&quot;0s&quot;,&quot;overlay&quot;:{&quot;width&quot;:&quot;auto&quot;},&quot;trigger&quot;:&quot;scroll&quot;,&quot;group&quot;:{&quot;name&quot;:&quot;&quot;,&quot;behavior&quot;:{&quot;show&quot;:&quot;&quot;,&quot;hide&quot;:&quot;&quot;}},&quot;closeText&quot;:&quot;&quot;}\"><ul class=\"menu-level-0\"><li class=\"wv-page-30056400-de first\"><a href=\"\/liverys-lackierungen\" class=\"wv-page-30056400-de first\">LIVERYS \/ LACKIERUNGEN<\/a><\/li><li class=\"wv-page-28830197-de active\"><a href=\"\/sunwave-classic\" class=\"wv-page-28830197-de active\">SUNWAVE CLASSIC<\/a><\/li><li class=\"wv-page-28830203-de\"><a href=\"\/solmaris\" class=\"wv-page-28830203-de\">SOLMARIS<\/a><\/li><li class=\"wv-page-29832015-de\"><a href=\"\/solarix\" class=\"wv-page-29832015-de\"> SOLARIX<\/a><\/li><li class=\"wv-page-28830200-de end\"><a href=\"\/sunwave-aurora\" class=\"wv-page-28830200-de last\">SUNWAVE AURORA<\/a><\/li><\/ul><\/nav><\/div><\/div><div class=\"ed-element ed-container wv-boxed wv-spacer wv-overflow_visible preset-text-v2-default\" id=\"ed-2509911065\"><div class=\"inner\"><div class=\"ed-element ed-headline custom-theme\" id=\"ed-2509911068\"><h2>Sunwave Classic<br><\/h2><\/div><div class=\"ed-element ed-spacer\" id=\"ed-2509911071\"><div class=\"space\"><\/div><\/div><div class=\"ed-element ed-text custom-theme text\" id=\"ed-2509911074\"><p data-start=\"85\" data-end=\"424\">&#8230;ist unsere Heimat f\u00fcr die gute alte Zeit der Luftfahrt. F\u00fcr eine \u00c4ra, in der Fliegen noch echtes Handwerk war. Ohne Glascockpits. Ohne GPS. Ohne sterile Gleichf\u00f6rmigkeit. Stattdessen: klassische Instrumente, markante Flugzeugtypen, unverwechselbare Charaktere und das Gef\u00fchl, dass jede Maschine ihre eigene Seele hatte.<\/p><p data-start=\"426\" data-end=\"814\"><br><\/p><p data-start=\"426\" data-end=\"814\">Hier erinnern wir an eine Zeit, in der Piloten noch wirklich flogen \u2013 mit Erfahrung, Gef\u00fchl und Respekt vor Wetter, Maschine und Strecke. <\/p><p data-start=\"426\" data-end=\"814\"><br><\/p><p data-start=\"426\" data-end=\"814\">Eine Zeit, in der Navigation mehr bedeutete als einen Punkt auf dem Bildschirm. Als man sich auf Instrumente, Verfahren, Crewkoordination und fliegerisches K\u00f6nnen verlie\u00df. Und als nicht das Flugzeug den Piloten f\u00fchrte, sondern der Pilot das Flugzeug.<\/p><p data-start=\"816\" data-end=\"1113\"><br><\/p><p data-start=\"816\" data-end=\"1113\">Sunwave Classic steht f\u00fcr genau dieses Lebensgef\u00fchl&nbsp;<\/p><\/div><\/div><\/div><div class=\"ed-element ed-container wv-boxed wv-spacer preset-text-with-image-v4-default\" id=\"ed-2509911077\"><div class=\"inner\"><div class=\"ed-element ed-container text-with-image-box wv-overflow_visible\" id=\"ed-2509911080\"><div class=\"inner\"><div class=\"ed-element ed-text custom-theme\" id=\"ed-2509911083\"><div><section class=\"text-token-text-primary w-full focus:outline-none [--shadow-height:45px] has-data-writing-block:pointer-events-none has-data-writing-block:-mt-(--shadow-height) has-data-writing-block:pt-(--shadow-height) [&amp;:has([data-writing-block])&gt;*]:pointer-events-auto scroll-mt-[calc(var(--header-height)+min(200px,max(70px,20svh)))]\" dir=\"auto\" data-turn-id=\"c218bbd6-9876-4e57-a1cf-23a83b06dc6c\" data-testid=\"conversation-turn-4\" data-scroll-anchor=\"true\" data-turn=\"assistant\"><div><div><div><div data-message-author-role=\"assistant\" data-message-id=\"ab816b61-86b2-4aed-a82e-06911c2b29b3\" data-turn-start-message=\"true\" dir=\"auto\" data-message-model-slug=\"gpt-5-3\"><div><div><p data-start=\"57\" data-end=\"228\"><span style=\"font-size: 18px\">Doch <strong data-start=\"62\" data-end=\"81\">Sunwave Classic<\/strong> ist nicht nur ein Gef\u00fchl \u2013 es ist sichtbar. Auf den ersten Blick. In einer eigenen Lackierung, die mehr ist als nur Design. Sie ist ein Statement.<\/span><\/p><p data-start=\"57\" data-end=\"228\"><br><\/p><p data-start=\"230\" data-end=\"538\"><span style=\"font-size: 18px\">Die <strong data-start=\"234\" data-end=\"260\">Sunwave Classic Livery<\/strong> ist unsere Hommage an eine Zeit, in der Flugzeuge Charakter hatten \u2013 und ihn auch zeigen durften. Inspiriert von den ikonischen Charter-Airlines der 80er und 90er Jahre, verbindet sie klare Linien mit warmen, vertrauten Farben und einer Pr\u00e4senz, die man heute kaum noch findet.<\/span><\/p><p data-start=\"540\" data-end=\"849\"><span style=\"font-size: 18px\">Der Rumpf bleibt bewusst klassisch gehalten: Ein sauberes, helles Wei\u00df trifft auf einen markanten, grauen Unterbau ab der Fl\u00fcgelwurzel \u2013 genau wie damals. Diese Aufteilung verleiht dem Flugzeug nicht nur optische Stabilit\u00e4t, sondern auch diese unverwechselbare \u201eechte Airline\u201c-Anmutung vergangener Jahrzehnte.<\/span><\/p><p data-start=\"540\" data-end=\"849\"><br><\/p><p data-start=\"851\" data-end=\"1209\"><span style=\"font-size: 18px\">Entlang der Fensterlinie zieht sich die charakteristische Cheatline \u2013 kraftvoll, mehrschichtig und pr\u00e4zise aufgebaut.<br data-start=\"968\" data-end=\"971\">Ein tiefes Navy-Blau bildet die Basis. Dar\u00fcber liegt eine warme, energiegeladene Orange \u2013 die Sonne im Flug. Abgerundet wird das Ganze durch eine feine gelbe Linie, die wie ein Lichtstrahl wirkt und dem Design Tiefe und Bewegung verleiht.<\/span><\/p><p data-start=\"1211\" data-end=\"1517\"><span style=\"font-size: 18px\">Und doch bleibt sie unverkennbar Sunwave<\/span><\/p><p data-start=\"1211\" data-end=\"1517\"><span style=\"font-size: 18px\"><br data-start=\"1252\" data-end=\"1255\"><\/span><\/p><p data-start=\"1519\" data-end=\"1768\"><span style=\"font-size: 18px\">Das Leitwerk tr\u00e4gt die Seele der Marke:<br data-start=\"1558\" data-end=\"1561\">Die Sonne \u2013 warm, pr\u00e4sent, kraftvoll. Eingebettet in ein Design, das bewusst an die grafische Klarheit fr\u00fcherer Airline-Logos erinnert. Kein \u00fcberladener Verlauf, sondern eine starke, ikonische Formensprache.<\/span><\/p><p data-start=\"1519\" data-end=\"1768\"><br><\/p><p data-start=\"1770\" data-end=\"2019\"><span style=\"font-size: 18px\">Auch die Typografie folgt dieser Philosophie:<br data-start=\"1815\" data-end=\"1818\">Klar, selbstbewusst, leicht retro \u2013 mit Anleihen an klassische Eurostile- und Airline-Schriften jener Zeit. Gro\u00df, lesbar, unverwechselbar. <strong data-start=\"1957\" data-end=\"1968\">SUNWAVE<\/strong> steht nicht nur auf dem Rumpf \u2013 es geh\u00f6rt dorthin.<\/span><\/p><p data-start=\"1770\" data-end=\"2019\"><br><\/p><p data-start=\"2021\" data-end=\"2183\"><span style=\"font-size: 18px\">Diese Livery ist keine Retro-Spielerei.<br data-start=\"2060\" data-end=\"2063\">Sie ist eine bewusste R\u00fcckkehr zu dem, was Luftfahrt einmal ausgemacht hat: Klarheit, Wiedererkennbarkeit und Charakter.<\/span><\/p><p data-start=\"2185\" data-end=\"2296\" data-is-last-node=\"\" data-is-only-node=\"\"><strong data-start=\"2185\" data-end=\"2296\" data-is-last-node=\"\"><span style=\"font-size: 18px\">Sunwave Classic zeigt nicht nur, wie wir fr\u00fcher geflogen sind.<br data-start=\"2249\" data-end=\"2252\">Sie zeigt, wie sich Fliegen angef\u00fchlt hat.<\/span><\/strong><\/p><\/div><\/div><\/div><\/div><div><br><\/div><\/div><\/div><\/section><\/div><div data-edge=\"true\"><br><\/div><\/div><\/div><\/div><div class=\"ed-element ed-container full-width text-with-image-image wv-overflow_visible\" id=\"ed-2509911086\"><div class=\"background\"><figure class=\"ed-element ed-image wv-bg\" id=\"ed-2509911089\"><div class=\"background-image-holder ed-lazyload\" style=\")\" data-background=\"url(&quot;\/images\/1920\/25312872\/Screenshot2026-04-14171231-DSMJYdYXSq8D2869t-zZDA.jpg&quot;)\"><\/div><\/figure><\/div><div class=\"inner\"><figure class=\"ed-element ed-image\" id=\"ed-2509911092\"><img decoding=\"async\" src=\"https:\/\/wp.sunwave-virtual.com\/wp-content\/uploads\/sunwave-static\/images\/1024\/24537710\/CA00AFCB-3873-4303-8CA7-005305DCE041-ZcWaV98TVpGNHP1tcT43_A.png\" alt=\"\"><\/figure><figure class=\"ed-element ed-image\" id=\"ed-2509911095\"><img decoding=\"async\" src=\"https:\/\/wp.sunwave-virtual.com\/wp-content\/uploads\/sunwave-static\/images\/1024\/25312923\/Screenshot2026-04-12195707-11yW7Fk3ka-40XxPrcZTFw.jpg\" alt=\"\"><\/figure><figure class=\"ed-element ed-image\" id=\"ed-2509911098\"><img decoding=\"async\" src=\"https:\/\/wp.sunwave-virtual.com\/wp-content\/uploads\/sunwave-static\/images\/1024\/25312902\/MD80HP-JsaWw0EUmD4cWjmcRfJIlw.png\" alt=\"\"><\/figure><\/div><\/div><\/div><\/div><div class=\"ed-element ed-container wv-boxed wv-spacer\" id=\"ed-2509911059\"><div class=\"inner\"><figure class=\"ed-element ed-image\" id=\"ed-2509911062\"><img decoding=\"async\" src=\"%20%23F7F7F7'%20\/%3E%3C\/svg%3E\" alt=\"\" data-src=\"https:\/\/wp.sunwave-virtual.com\/wp-content\/uploads\/sunwave-static\/images\/0\/25312920\/L1011HP-GOzpjWnukcUvGlS5kuHMIQ.png\" class=\"ed-lazyload\" style=\"object-fit: cover\"><\/figure><\/div><\/div><div class=\"ed-element ed-reference ed-reference-container footer preset-footer-frigg-v2-hdecor wv-boxed\" id=\"ed-2509911056\" data-reference=\"2509910876\"><footer class=\"inner\"><div class=\"ed-element ed-container wv-boxed footer-frigg-content wv-overflow_hidden\" id=\"ed-2509910879\"><div class=\"inner\"><div class=\"ed-element ed-container footer-frigg-box footer-frigg-box-flex wv-overflow_hidden\" id=\"ed-2509910882\"><div class=\"inner\"><div class=\"ed-element ed-container\" id=\"ed-2509910885\"><div class=\"inner\"><div class=\"ed-element ed-logo\" id=\"ed-2509910888\"><a href=\"\/\"><img decoding=\"async\" src=\"%20%23F7F7F7'%20\/%3E%3C\/svg%3E\" alt=\"sunwave-virtual.com\" data-src=\"https:\/\/wp.sunwave-virtual.com\/wp-content\/uploads\/sunwave-static\/images\/192\/24408794\/SunwaveLogoneufreigestelltklein-iL3P2APfRFNNTDMNTLxWsA.png\" class=\"ed-lazyload\" data-srcset=\"\/images\/384\/24408794\/SunwaveLogoneufreigestelltklein-iL3P2APfRFNNTDMNTLxWsA.png 2x\"><\/a><\/div><div class=\"ed-element ed-spacer\" id=\"ed-2509910891\"><div class=\"space\"><\/div><\/div><div class=\"ed-element ed-text custom-theme footer-fz\" id=\"ed-2509910894\"><p>&#8230;flieg mit der Sonne<br><br><br>Callsign: Solaris<\/p><p>3 Lettter Code : SNW<br><br><\/p><p><br><\/p><\/div><\/div><\/div><\/div><\/div><div class=\"ed-element ed-container footer-frigg-box footer-frigg-box-shrink wv-overflow_hidden\" id=\"ed-2509910897\"><div class=\"inner\"><div class=\"ed-element ed-spacer\" id=\"ed-2509910900\"><div style=\"height: 16px\" class=\"space\"><\/div><\/div><\/div><\/div><\/div><\/div><div class=\"ed-element ed-container flex-align-items-center flex-align-content-center wv-boxed wv-overflow_visible\" id=\"ed-2509910903\"><div class=\"inner\"><div class=\"ed-element ed-spacer\" id=\"ed-2509910906\"><div class=\"space\"><\/div><\/div><div class=\"ed-element ed-container flex-align-items-center flex-align-content-center\" id=\"ed-2509910909\"><div class=\"inner\"><div class=\"ed-element ed-text custom-theme footer-fz\" id=\"ed-2509910912\"><p><i class=\"fa fa-copyright\"><\/i> <span class=\"fr-deletable\" data-bind=\"customer.company\">homepage.sunwave-virtual.com<\/span>&nbsp;2024<\/p><\/div><\/div><\/div><div class=\"ed-element ed-container flex-align-content-center flex-align-items-center\" id=\"ed-2509910915\"><div class=\"inner\">&nbsp;<\/div><\/div><div class=\"ed-element ed-spacer hide-lg hide-md\" id=\"ed-2509910918\"><div class=\"space\"><\/div><\/div><\/div><\/div><\/footer><\/div>\n","protected":false},"excerpt":{"rendered":"<p>Skip to main content JETZT FLIEGEN Menu Home FLOTTE Live Map DISCORD FLIGHT DISPATCH Datenschutz und Impressum LIVERYS \/ LACKIERUNGEN SUNWAVE CLASSIC SOLMARIS SOLARIX SUNWAVE AURORA Sunwave Classic &#8230;ist unsere Heimat f\u00fcr die gute alte Zeit der Luftfahrt. F\u00fcr eine \u00c4ra, in der Fliegen noch echtes Handwerk war. Ohne Glascockpits. Ohne GPS. Ohne sterile Gleichf\u00f6rmigkeit. [&hellip;]<\/p>\n","protected":false},"author":0,"featured_media":0,"parent":0,"menu_order":0,"comment_status":"closed","ping_status":"closed","template":"","meta":{"footnotes":""},"class_list":["post-9","page","type-page","status-publish","hentry"],"_links":{"self":[{"href":"https:\/\/wp.sunwave-virtual.com\/index.php?rest_route=\/wp\/v2\/pages\/9","targetHints":{"allow":["GET"]}}],"collection":[{"href":"https:\/\/wp.sunwave-virtual.com\/index.php?rest_route=\/wp\/v2\/pages"}],"about":[{"href":"https:\/\/wp.sunwave-virtual.com\/index.php?rest_route=\/wp\/v2\/types\/page"}],"replies":[{"embeddable":true,"href":"https:\/\/wp.sunwave-virtual.com\/index.php?rest_route=%2Fwp%2Fv2%2Fcomments&post=9"}],"version-history":[{"count":0,"href":"https:\/\/wp.sunwave-virtual.com\/index.php?rest_route=\/wp\/v2\/pages\/9\/revisions"}],"wp:attachment":[{"href":"https:\/\/wp.sunwave-virtual.com\/index.php?rest_route=%2Fwp%2Fv2%2Fmedia&parent=9"}],"curies":[{"name":"wp","href":"https:\/\/api.w.org\/{rel}","templated":true}]}}